{"id":705,"date":"2023-01-31T12:47:18","date_gmt":"2023-01-31T12:47:18","guid":{"rendered":"https:\/\/dim314.apm.pt\/?page_id=705"},"modified":"2024-06-11T11:40:07","modified_gmt":"2024-06-11T10:40:07","slug":"2-o-3-ociclo-abc-escolar","status":"publish","type":"page","link":"https:\/\/dim314.apm.pt\/?page_id=705","title":{"rendered":"2.\u00ba\/3.\u00baCICLO &#8211; abc\/escolar"},"content":{"rendered":"\n<p class=\"has-text-align-right has-small-font-size\">. <\/p>\n\n\n\n<p class=\"has-large-font-size\"><strong>RESULTADOS E PR\u00c9MIOS 2.\u00ba\/3.\u00ba CICLO<\/strong><\/p>\n\n\n\n<p class=\"has-text-align-right has-small-font-size\">.<\/p>\n\n\n\n<p class=\"has-medium-font-size\"><strong>RESULTADOS DA FASE NACIONAL<\/strong><\/p>\n\n\n\n<p>No dia 8 de julho, na Cerim\u00f3nia de Entrega dos Pr\u00e9mios Nacionais do DIM, durante o ProfMat 2023, que decorreu em Barcelos, foram anunciados os vencedores do concurso para alunos e do concurso para escolas, sendo entregues os respetivos pr\u00e9mios aos alunos e professores dos tr\u00eas primeiros classificados de cada categoria e modalidade.<\/p>\n\n\n\n<p>Durante o ProfMat2023 esteve em exibi\u00e7\u00e3o a exposi\u00e7\u00e3o digital de todos os trabalhos finalistas, quer do concurso para alunos quer do concurso para escolas, atrav\u00e9s de dois smartboards colocados na Alameda da Tecnologia.<\/p>\n\n\n\n<p>Poder\u00e1 tomar conhecimento dos vencedores, 1.\u00ba, 2.\u00ba e 3.\u00ba classificados, da categoria 2.\u00ba\/3.\u00ba Ciclos do Ensino B\u00e1sico e nas respetivas modalidades, clique nos textos abaixo:<\/p>\n\n\n\n<p class=\"has-text-align-center\">2.\u00ba\/3.\u00ba CICLOS | ANAL\u00d3GICO &#8230;&#8230;&#8230;&#8230;&#8230;&#8230;&#8230;&#8230;&#8230;&#8230;&#8230;&#8230;&#8230; 2.\u00ba\/3.\u00ba CICLOS | DIGITAL <\/p>\n\n\n\n<p class=\"has-medium-font-size\"><strong>RESULTADOS DA FASE REGIONAL<\/strong><\/p>\n\n\n\n<p>Consulte, nas hiperliga\u00e7\u00f5es seguintes, os <strong>Resultados da Fase Regional <\/strong>da categoria <strong>2.\u00ba\/3.\u00ba CICLOS DO ENSINO B\u00c1SICO<\/strong>: ANAL\u00d3GICO &#8211; DIGITAL<\/p>\n\n\n\n<p class=\"has-text-align-right has-small-font-size\">.<\/p>\n\n\n\n<p class=\"has-medium-font-size\"><strong>PR\u00c9MIOS<\/strong><\/p>\n\n\n\n<p>Os pr\u00e9mios indicados s\u00e3o atribu\u00eddos&nbsp;<strong>um por cada crian\u00e7a\/aluno<\/strong>&nbsp;que elaborou o trabalho premiado, isto \u00e9, se o trabalho foi realizado por dois alunos, cada aluno receber\u00e1 um pr\u00e9mio definido abaixo.<\/p>\n\n\n\n<p>Os pr\u00e9mios nacionais da categoria 2.\u00ba\/3.\u00ba Ciclo s\u00e3o oferecidos pela: <\/p>\n\n\n<div class=\"wp-block-image\">\n<figure class=\"aligncenter size-large is-resized\"><a href=\"https:\/\/abcescolar.pt\/\" target=\"_blank\" rel=\"noreferrer noopener\"><img loading=\"lazy\" decoding=\"async\" width=\"1024\" height=\"634\" src=\"https:\/\/dim314.apm.pt\/wp-content\/uploads\/2023\/06\/logo-abc-escolar-sem-branco-1-1024x634.png\" alt=\"\" class=\"wp-image-1168\" style=\"width:613px;height:378px\" srcset=\"https:\/\/dim314.apm.pt\/wp-content\/uploads\/2023\/06\/logo-abc-escolar-sem-branco-1-1024x634.png 1024w, https:\/\/dim314.apm.pt\/wp-content\/uploads\/2023\/06\/logo-abc-escolar-sem-branco-1-300x186.png 300w, https:\/\/dim314.apm.pt\/wp-content\/uploads\/2023\/06\/logo-abc-escolar-sem-branco-1-768x476.png 768w, https:\/\/dim314.apm.pt\/wp-content\/uploads\/2023\/06\/logo-abc-escolar-sem-branco-1.png 1356w\" sizes=\"auto, (max-width: 1024px) 100vw, 1024px\" \/><\/a><\/figure>\n<\/div>\n\n<div class=\"wp-block-image\">\n<figure class=\"aligncenter size-large is-resized\"><a href=\"https:\/\/abcescolar.pt\/\" target=\"_blank\" rel=\"noreferrer noopener\"><img loading=\"lazy\" decoding=\"async\" width=\"1024\" height=\"143\" src=\"https:\/\/dim314.apm.pt\/wp-content\/uploads\/2023\/01\/slogan-1024x143.png\" alt=\"\" class=\"wp-image-648\" style=\"width:624px;height:86px\" srcset=\"https:\/\/dim314.apm.pt\/wp-content\/uploads\/2023\/01\/slogan-1024x143.png 1024w, https:\/\/dim314.apm.pt\/wp-content\/uploads\/2023\/01\/slogan-300x42.png 300w, https:\/\/dim314.apm.pt\/wp-content\/uploads\/2023\/01\/slogan-768x107.png 768w, https:\/\/dim314.apm.pt\/wp-content\/uploads\/2023\/01\/slogan.png 1221w\" sizes=\"auto, (max-width: 1024px) 100vw, 1024px\" \/><\/a><\/figure>\n<\/div>\n\n\n<p class=\"has-text-align-right has-small-font-size\">.<\/p>\n\n\n\n<p class=\"has-medium-font-size\"><strong>FASE NACIONAL<\/strong><\/p>\n\n\n\n<div class=\"wp-block-columns is-layout-flex wp-container-core-columns-is-layout-9d6595d7 wp-block-columns-is-layout-flex\">\n<div class=\"wp-block-column is-vertically-aligned-center is-layout-flow wp-block-column-is-layout-flow\" style=\"flex-basis:33.33%\">\n<p class=\"has-text-align-center has-medium-font-size\">&#8211; <strong>1.\u00ba CLASSIFICADO<\/strong> &#8211;<\/p>\n\n\n\n<p class=\"has-text-align-center\"><strong><strong><strong>Rob\u00f4s WeeeBot Mini V2.0<\/strong><\/strong><\/strong><\/p>\n<\/div>\n\n\n\n<div class=\"wp-block-column is-layout-flow wp-block-column-is-layout-flow\" style=\"flex-basis:66.66%\"><div class=\"wp-block-image\">\n<figure class=\"aligncenter size-full is-resized\"><img loading=\"lazy\" decoding=\"async\" width=\"698\" height=\"451\" src=\"https:\/\/dim314.apm.pt\/wp-content\/uploads\/2023\/01\/robo-weeebot-mini-v20-weeemake.png\" alt=\"\" class=\"wp-image-711\" style=\"width:475px;height:307px\" srcset=\"https:\/\/dim314.apm.pt\/wp-content\/uploads\/2023\/01\/robo-weeebot-mini-v20-weeemake.png 698w, https:\/\/dim314.apm.pt\/wp-content\/uploads\/2023\/01\/robo-weeebot-mini-v20-weeemake-300x194.png 300w\" sizes=\"auto, (max-width: 698px) 100vw, 698px\" \/><\/figure>\n<\/div><\/div>\n<\/div>\n\n\n\n<p>.<\/p>\n\n\n\n<div class=\"wp-block-columns is-layout-flex wp-container-core-columns-is-layout-9d6595d7 wp-block-columns-is-layout-flex\">\n<div class=\"wp-block-column is-vertically-aligned-center is-layout-flow wp-block-column-is-layout-flow\" style=\"flex-basis:33.33%\">\n<p class=\"has-text-align-center\">&#8211; <strong>2.\u00ba <strong>CLASSIFICADO<\/strong> &#8211;<\/strong><\/p>\n\n\n\n<p class=\"has-text-align-center\"><strong><strong><strong><strong>Super Doc<\/strong><\/strong><\/strong><\/strong><\/p>\n<\/div>\n\n\n\n<div class=\"wp-block-column is-layout-flow wp-block-column-is-layout-flow\" style=\"flex-basis:66.66%\"><div class=\"wp-block-image\">\n<figure class=\"aligncenter size-large is-resized\"><img loading=\"lazy\" decoding=\"async\" width=\"1024\" height=\"947\" src=\"https:\/\/dim314.apm.pt\/wp-content\/uploads\/2023\/01\/super_doc-1024x947.png\" alt=\"\" class=\"wp-image-713\" style=\"width:516px;height:477px\" srcset=\"https:\/\/dim314.apm.pt\/wp-content\/uploads\/2023\/01\/super_doc-1024x947.png 1024w, https:\/\/dim314.apm.pt\/wp-content\/uploads\/2023\/01\/super_doc-300x277.png 300w, https:\/\/dim314.apm.pt\/wp-content\/uploads\/2023\/01\/super_doc-768x710.png 768w, https:\/\/dim314.apm.pt\/wp-content\/uploads\/2023\/01\/super_doc.png 1144w\" sizes=\"auto, (max-width: 1024px) 100vw, 1024px\" \/><\/figure>\n<\/div><\/div>\n<\/div>\n\n\n\n<p>.<\/p>\n\n\n\n<div class=\"wp-block-columns is-layout-flex wp-container-core-columns-is-layout-9d6595d7 wp-block-columns-is-layout-flex\">\n<div class=\"wp-block-column is-vertically-aligned-center is-layout-flow wp-block-column-is-layout-flow\" style=\"flex-basis:33.33%\">\n<p class=\"has-text-align-center\"><strong>&#8211; 3.\u00ba <strong>CLASSIFICADO<\/strong> &#8211;<\/strong><\/p>\n\n\n\n<p class=\"has-text-align-center\"><strong><strong><strong>Kits Obras Liter\u00e1rias<\/strong><\/strong><\/strong><\/p>\n<\/div>\n\n\n\n<div class=\"wp-block-column is-layout-flow wp-block-column-is-layout-flow\" style=\"flex-basis:66.66%\"><div class=\"wp-block-image\">\n<figure class=\"aligncenter size-full\"><img loading=\"lazy\" decoding=\"async\" width=\"346\" height=\"252\" src=\"https:\/\/dim314.apm.pt\/wp-content\/uploads\/2023\/01\/leya_1-2.png\" alt=\"\" class=\"wp-image-714\" srcset=\"https:\/\/dim314.apm.pt\/wp-content\/uploads\/2023\/01\/leya_1-2.png 346w, https:\/\/dim314.apm.pt\/wp-content\/uploads\/2023\/01\/leya_1-2-300x218.png 300w\" sizes=\"auto, (max-width: 346px) 100vw, 346px\" \/><\/figure>\n<\/div><\/div>\n<\/div>\n\n\n\n<p>.<\/p>\n\n\n\n<p class=\"has-medium-font-size\"><strong>FASE REGIONAL<\/strong><\/p>\n\n\n\n<p>Os pr\u00e9mios a atribuir a todos os finalistas das fases regionais s\u00e3o oferecidos pelas empresas:<\/p>\n\n\n\n<div class=\"wp-block-columns is-layout-flex wp-container-core-columns-is-layout-9d6595d7 wp-block-columns-is-layout-flex\">\n<div class=\"wp-block-column is-layout-flow wp-block-column-is-layout-flow\">\n<figure class=\"wp-block-image size-full is-resized\"><a href=\"https:\/\/education.ti.com\/pt\" target=\"_blank\" rel=\"noreferrer noopener\"><img loading=\"lazy\" decoding=\"async\" width=\"475\" height=\"125\" src=\"https:\/\/dim314.apm.pt\/wp-content\/uploads\/2023\/01\/ti.png\" alt=\"\" class=\"wp-image-691\" style=\"width:445px;height:117px\" srcset=\"https:\/\/dim314.apm.pt\/wp-content\/uploads\/2023\/01\/ti.png 475w, https:\/\/dim314.apm.pt\/wp-content\/uploads\/2023\/01\/ti-300x79.png 300w\" sizes=\"auto, (max-width: 475px) 100vw, 475px\" \/><\/a><\/figure>\n<\/div>\n\n\n\n<div class=\"wp-block-column is-layout-flow wp-block-column-is-layout-flow\"><div class=\"wp-block-image\">\n<figure class=\"aligncenter size-full is-resized\"><a href=\"https:\/\/www.casio-calculadoras.com\/\" target=\"_blank\" rel=\"noreferrer noopener\"><img loading=\"lazy\" decoding=\"async\" width=\"504\" height=\"91\" src=\"https:\/\/dim314.apm.pt\/wp-content\/uploads\/2023\/01\/Casio_4c_without_back_lowres.gif\" alt=\"\" class=\"wp-image-689\" style=\"width:393px;height:71px\"\/><\/a><\/figure>\n<\/div><\/div>\n<\/div>\n\n\n\n<div class=\"wp-block-columns is-layout-flex wp-container-core-columns-is-layout-9d6595d7 wp-block-columns-is-layout-flex\">\n<div class=\"wp-block-column is-layout-flow wp-block-column-is-layout-flow\">\n<p><strong>Modalidade ANAL\u00d3GICA<\/strong><\/p>\n\n\n<div class=\"wp-block-image\">\n<figure class=\"aligncenter size-full is-resized\"><img loading=\"lazy\" decoding=\"async\" width=\"394\" height=\"800\" src=\"https:\/\/dim314.apm.pt\/wp-content\/uploads\/2023\/01\/ti30xs-multiview.png\" alt=\"\" class=\"wp-image-707\" style=\"width:211px;height:427px\" srcset=\"https:\/\/dim314.apm.pt\/wp-content\/uploads\/2023\/01\/ti30xs-multiview.png 394w, https:\/\/dim314.apm.pt\/wp-content\/uploads\/2023\/01\/ti30xs-multiview-148x300.png 148w\" sizes=\"auto, (max-width: 394px) 100vw, 394px\" \/><figcaption class=\"wp-element-caption\"><strong>TI&nbsp;&#8211; 30 XS Multiview<\/strong><\/figcaption><\/figure>\n<\/div><\/div>\n\n\n\n<div class=\"wp-block-column is-layout-flow wp-block-column-is-layout-flow\">\n<p><strong>Modalidade DIGITAL<\/strong><\/p>\n\n\n<div class=\"wp-block-image\">\n<figure class=\"aligncenter size-full is-resized\"><img loading=\"lazy\" decoding=\"async\" width=\"215\" height=\"427\" src=\"https:\/\/dim314.apm.pt\/wp-content\/uploads\/2023\/01\/casio-fx991sp-x-1.png\" alt=\"\" class=\"wp-image-739\" style=\"width:218px;height:433px\" srcset=\"https:\/\/dim314.apm.pt\/wp-content\/uploads\/2023\/01\/casio-fx991sp-x-1.png 215w, https:\/\/dim314.apm.pt\/wp-content\/uploads\/2023\/01\/casio-fx991sp-x-1-151x300.png 151w\" sizes=\"auto, (max-width: 215px) 100vw, 215px\" \/><figcaption class=\"wp-element-caption\"><strong>CASIO fx &#8211; 991 SP X<\/strong><\/figcaption><\/figure>\n<\/div><\/div>\n<\/div>\n","protected":false},"excerpt":{"rendered":"<p>. RESULTADOS E PR\u00c9MIOS 2.\u00ba\/3.\u00ba CICLO . RESULTADOS DA FASE NACIONAL No dia 8 de julho, na Cerim\u00f3nia de Entrega dos Pr\u00e9mios Nacionais do DIM, durante o ProfMat 2023, que decorreu em Barcelos, foram anunciados os vencedores do concurso para alunos e do concurso para escolas, sendo entregues os respetivos pr\u00e9mios aos alunos e professores&hellip;&nbsp;<a href=\"https:\/\/dim314.apm.pt\/?page_id=705\" rel=\"bookmark\">Ler mais &raquo;<span class=\"screen-reader-text\">2.\u00ba\/3.\u00baCICLO &#8211; abc\/escolar<\/span><\/a><\/p>\n","protected":false},"author":2,"featured_media":0,"parent":0,"menu_order":0,"comment_status":"closed","ping_status":"closed","template":"","meta":{"_eb_attr":"","om_disable_all_campaigns":false,"_monsterinsights_skip_tracking":false,"_monsterinsights_sitenote_active":false,"_monsterinsights_sitenote_note":"","_monsterinsights_sitenote_category":0,"neve_meta_sidebar":"","neve_meta_container":"","neve_meta_enable_content_width":"","neve_meta_content_width":0,"neve_meta_title_alignment":"","neve_meta_author_avatar":"","neve_post_elements_order":"","neve_meta_disable_header":"","neve_meta_disable_footer":"","neve_meta_disable_title":"","footnotes":""},"class_list":["post-705","page","type-page","status-publish","hentry"],"aioseo_notices":[],"_links":{"self":[{"href":"https:\/\/dim314.apm.pt\/index.php?rest_route=\/wp\/v2\/pages\/705","targetHints":{"allow":["GET"]}}],"collection":[{"href":"https:\/\/dim314.apm.pt\/index.php?rest_route=\/wp\/v2\/pages"}],"about":[{"href":"https:\/\/dim314.apm.pt\/index.php?rest_route=\/wp\/v2\/types\/page"}],"author":[{"embeddable":true,"href":"https:\/\/dim314.apm.pt\/index.php?rest_route=\/wp\/v2\/users\/2"}],"replies":[{"embeddable":true,"href":"https:\/\/dim314.apm.pt\/index.php?rest_route=%2Fwp%2Fv2%2Fcomments&post=705"}],"version-history":[{"count":14,"href":"https:\/\/dim314.apm.pt\/index.php?rest_route=\/wp\/v2\/pages\/705\/revisions"}],"predecessor-version":[{"id":2666,"href":"https:\/\/dim314.apm.pt\/index.php?rest_route=\/wp\/v2\/pages\/705\/revisions\/2666"}],"wp:attachment":[{"href":"https:\/\/dim314.apm.pt\/index.php?rest_route=%2Fwp%2Fv2%2Fmedia&parent=705"}],"curies":[{"name":"wp","href":"https:\/\/api.w.org\/{rel}","templated":true}]}}