{"id":560,"date":"2023-01-27T01:53:11","date_gmt":"2023-01-27T01:53:11","guid":{"rendered":"https:\/\/dim314.apm.pt\/?page_id=560"},"modified":"2023-03-30T17:49:58","modified_gmt":"2023-03-30T16:49:58","slug":"10h00-evora","status":"publish","type":"page","link":"https:\/\/dim314.apm.pt\/?page_id=560","title":{"rendered":"10h00 &#8211; \u00c9vora"},"content":{"rendered":"\n<p class=\"has-text-align-right has-small-font-size\">.<\/p>\n\n\n\n<p class=\"has-medium-font-size\"><strong>10h00 &#8211; \u00c9VORA<\/strong><\/p>\n\n\n\n<p class=\"has-text-align-right has-small-font-size\">.<\/p>\n\n\n<p style=\"text-align: center;\"><iframe loading=\"lazy\" title=\"YouTube video player\" src=\"https:\/\/www.youtube.com\/embed\/nPlqG-TfhTs?rel=0\" width=\"896\" height=\"584\" frameborder=\"0\" allowfullscreen=\"allowfullscreen\"><\/iframe><\/p>\n\n\n<p><\/p>\n\n\n\n<p class=\"has-text-align-right has-small-font-size\">.<\/p>\n\n\n\n<p>O<strong> N\u00facleo Regional de \u00c9vora<\/strong> da APM, com o apoio do Centro de Investiga\u00e7\u00e3o em Educa\u00e7\u00e3o e Psicologia da Universidade de \u00c9vora, ir\u00e1 promover mais uma palestra APM-DIM 2023.<\/p>\n\n\n\n<p>Esta palestra \u00e9 preferencialmente para<strong> alunos do Ensino Secund\u00e1rio<\/strong>, mas tamb\u00e9m ter\u00e1 interesse para os alunos do <strong>3.\u00ba Ciclo do Ensino B\u00e1sico<\/strong>.<\/p>\n\n\n\n<div class=\"wp-block-columns is-layout-flex wp-container-core-columns-is-layout-9d6595d7 wp-block-columns-is-layout-flex\">\n<div class=\"wp-block-column is-layout-flow wp-block-column-is-layout-flow\" style=\"flex-basis:66.66%\">\n<p>Local: <strong>Escola Secund\u00e1ria Gabriel Pereira<\/strong>, <strong>\u00c9vora<\/strong><\/p>\n\n\n\n<p>Hor\u00e1rio in\u00edcio: <strong>10h00 (hora de Lisboa)<\/strong><\/p>\n\n\n\n<div class=\"wp-block-columns is-layout-flex wp-container-core-columns-is-layout-9d6595d7 wp-block-columns-is-layout-flex\">\n<div class=\"wp-block-column is-layout-flow wp-block-column-is-layout-flow\" style=\"flex-basis:33.33%\"><div class=\"wp-block-image\">\n<figure class=\"aligncenter size-large is-resized\"><img loading=\"lazy\" decoding=\"async\" src=\"https:\/\/dim314.apm.pt\/wp-content\/uploads\/2023\/01\/Helder-Vilarinho-992x1024.png\" alt=\"\" class=\"wp-image-561\" width=\"203\" height=\"209\" srcset=\"https:\/\/dim314.apm.pt\/wp-content\/uploads\/2023\/01\/Helder-Vilarinho-992x1024.png 992w, https:\/\/dim314.apm.pt\/wp-content\/uploads\/2023\/01\/Helder-Vilarinho-291x300.png 291w, https:\/\/dim314.apm.pt\/wp-content\/uploads\/2023\/01\/Helder-Vilarinho-768x792.png 768w, https:\/\/dim314.apm.pt\/wp-content\/uploads\/2023\/01\/Helder-Vilarinho.png 1260w\" sizes=\"auto, (max-width: 203px) 100vw, 203px\" \/><figcaption class=\"wp-element-caption\"><strong>Helder Vilarinho<\/strong><br>Universidade da Beira Interior<\/figcaption><\/figure>\n<\/div><\/div>\n\n\n\n<div class=\"wp-block-column is-layout-flow wp-block-column-is-layout-flow\" style=\"flex-basis:66.66%\">\n<p><strong>A Matem\u00e1tica no Cinema e na Televis\u00e3o<\/strong><\/p>\n\n\n\n<p>Por vezes encontramos situa\u00e7\u00f5es relacionadas com a Matem\u00e1tica em filmes ou s\u00e9ries televisivas, sejam&nbsp;romances ou document\u00e1rios, mas tamb\u00e9m &#8211; e de forma at\u00e9 algo surpreendente&nbsp;&#8211; em com\u00e9dias ou filmes de terror, sem esquecer as obras de anima\u00e7\u00e3o. Nesta sess\u00e3o vamos ver como a Matem\u00e1tica inspira e se manifesta em algumas obras cinematogr\u00e1ficas ou televisivas. Em suma, vamos usar o cinema e a televis\u00e3o como desculpa para falar de Matem\u00e1tica. E vice-versa.<\/p>\n<\/div>\n<\/div>\n<\/div>\n\n\n\n<div class=\"wp-block-column is-layout-flow wp-block-column-is-layout-flow\" style=\"flex-basis:33.33%\"><div class=\"wp-block-image\">\n<figure class=\"aligncenter size-full is-resized\"><img loading=\"lazy\" decoding=\"async\" src=\"https:\/\/dim314.apm.pt\/wp-content\/uploads\/2023\/01\/evora_mapa.png\" alt=\"\" class=\"wp-image-319\" width=\"390\" height=\"417\" srcset=\"https:\/\/dim314.apm.pt\/wp-content\/uploads\/2023\/01\/evora_mapa.png 630w, https:\/\/dim314.apm.pt\/wp-content\/uploads\/2023\/01\/evora_mapa-280x300.png 280w\" sizes=\"auto, (max-width: 390px) 100vw, 390px\" \/><\/figure>\n<\/div><\/div>\n<\/div>\n\n\n\n<p><strong>S\u00edntese biogr\u00e1fica<\/strong><\/p>\n\n\n\n<p>\u00c9 professor no Departamento de Matem\u00e1tica da Faculdade de Ci\u00eancias da Universidade da Beira Interior (UBI) e membro do Centro de Matem\u00e1tica e Aplica\u00e7\u00f5es da UBI.<br>\u00c9 licenciado em Ensino de Matem\u00e1tica pela UBI e doutorado em Matem\u00e1tica pela Universidade do Porto. Investiga,&nbsp;principalmente, nas \u00e1reas de Sistemas Din\u00e2micos e Teoria Erg\u00f3dica.<br>Entre muitas outras coisas, interessa-se pela divulga\u00e7\u00e3o da Ci\u00eancia e n\u00e3o dispensa uma boa conversa sobre Matem\u00e1tica.<\/p>\n\n\n\n<p>.<\/p>\n\n\n\n<p class=\"has-medium-font-size\"><strong>APOIOS LOCAIS<\/strong><\/p>\n\n\n\n<div class=\"wp-block-columns is-layout-flex wp-container-core-columns-is-layout-9d6595d7 wp-block-columns-is-layout-flex\">\n<div class=\"wp-block-column is-layout-flow wp-block-column-is-layout-flow\">\n<figure class=\"wp-block-image size-full\"><a href=\"https:\/\/www.ciep.uevora.pt\/\" target=\"_blank\" rel=\"noreferrer noopener\"><img loading=\"lazy\" decoding=\"async\" width=\"1001\" height=\"295\" src=\"https:\/\/dim314.apm.pt\/wp-content\/uploads\/2023\/01\/lciep.png\" alt=\"\" class=\"wp-image-567\" srcset=\"https:\/\/dim314.apm.pt\/wp-content\/uploads\/2023\/01\/lciep.png 1001w, https:\/\/dim314.apm.pt\/wp-content\/uploads\/2023\/01\/lciep-300x88.png 300w, https:\/\/dim314.apm.pt\/wp-content\/uploads\/2023\/01\/lciep-768x226.png 768w\" sizes=\"auto, (max-width: 1001px) 100vw, 1001px\" \/><\/a><\/figure>\n<\/div>\n\n\n\n<div class=\"wp-block-column is-layout-flow wp-block-column-is-layout-flow\">\n<figure class=\"wp-block-image size-full\"><a href=\"https:\/\/www.aegp.edu.pt\/web\/\" target=\"_blank\" rel=\"noreferrer noopener\"><img loading=\"lazy\" decoding=\"async\" width=\"430\" height=\"151\" src=\"https:\/\/dim314.apm.pt\/wp-content\/uploads\/2023\/01\/aegp-eVORA.png\" alt=\"\" class=\"wp-image-568\" srcset=\"https:\/\/dim314.apm.pt\/wp-content\/uploads\/2023\/01\/aegp-eVORA.png 430w, https:\/\/dim314.apm.pt\/wp-content\/uploads\/2023\/01\/aegp-eVORA-300x105.png 300w\" sizes=\"auto, (max-width: 430px) 100vw, 430px\" \/><\/a><\/figure>\n<\/div>\n\n\n\n<div class=\"wp-block-column is-layout-flow wp-block-column-is-layout-flow\"><\/div>\n<\/div>\n\n\n\n<p class=\"has-small-font-size\">.<\/p>\n","protected":false},"excerpt":{"rendered":"<p>. 10h00 &#8211; \u00c9VORA . . O N\u00facleo Regional de \u00c9vora da APM, com o apoio do Centro de Investiga\u00e7\u00e3o em Educa\u00e7\u00e3o e Psicologia da Universidade de \u00c9vora, ir\u00e1 promover mais uma palestra APM-DIM 2023. Esta palestra \u00e9 preferencialmente para alunos do Ensino Secund\u00e1rio, mas tamb\u00e9m ter\u00e1 interesse para os alunos do 3.\u00ba Ciclo do&hellip;&nbsp;<a href=\"https:\/\/dim314.apm.pt\/?page_id=560\" rel=\"bookmark\">Ler mais &raquo;<span class=\"screen-reader-text\">10h00 &#8211; \u00c9vora<\/span><\/a><\/p>\n","protected":false},"author":2,"featured_media":0,"parent":0,"menu_order":0,"comment_status":"closed","ping_status":"closed","template":"","meta":{"_eb_attr":"","om_disable_all_campaigns":false,"_monsterinsights_skip_tracking":false,"_monsterinsights_sitenote_active":false,"_monsterinsights_sitenote_note":"","_monsterinsights_sitenote_category":0,"neve_meta_sidebar":"","neve_meta_container":"","neve_meta_enable_content_width":"","neve_meta_content_width":0,"neve_meta_title_alignment":"","neve_meta_author_avatar":"","neve_post_elements_order":"","neve_meta_disable_header":"","neve_meta_disable_footer":"","neve_meta_disable_title":"","footnotes":""},"class_list":["post-560","page","type-page","status-publish","hentry"],"aioseo_notices":[],"_links":{"self":[{"href":"https:\/\/dim314.apm.pt\/index.php?rest_route=\/wp\/v2\/pages\/560","targetHints":{"allow":["GET"]}}],"collection":[{"href":"https:\/\/dim314.apm.pt\/index.php?rest_route=\/wp\/v2\/pages"}],"about":[{"href":"https:\/\/dim314.apm.pt\/index.php?rest_route=\/wp\/v2\/types\/page"}],"author":[{"embeddable":true,"href":"https:\/\/dim314.apm.pt\/index.php?rest_route=\/wp\/v2\/users\/2"}],"replies":[{"embeddable":true,"href":"https:\/\/dim314.apm.pt\/index.php?rest_route=%2Fwp%2Fv2%2Fcomments&post=560"}],"version-history":[{"count":17,"href":"https:\/\/dim314.apm.pt\/index.php?rest_route=\/wp\/v2\/pages\/560\/revisions"}],"predecessor-version":[{"id":1233,"href":"https:\/\/dim314.apm.pt\/index.php?rest_route=\/wp\/v2\/pages\/560\/revisions\/1233"}],"wp:attachment":[{"href":"https:\/\/dim314.apm.pt\/index.php?rest_route=%2Fwp%2Fv2%2Fmedia&parent=560"}],"curies":[{"name":"wp","href":"https:\/\/api.w.org\/{rel}","templated":true}]}}