{"id":481,"date":"2023-01-26T22:33:49","date_gmt":"2023-01-26T22:33:49","guid":{"rendered":"https:\/\/dim314.apm.pt\/?page_id=481"},"modified":"2023-01-30T23:28:21","modified_gmt":"2023-01-30T23:28:21","slug":"madeira","status":"publish","type":"page","link":"https:\/\/dim314.apm.pt\/?page_id=481","title":{"rendered":"Madeira"},"content":{"rendered":"\n<p class=\"has-text-align-right has-small-font-size\">.<\/p>\n\n\n\n<p class=\"has-large-font-size\"><strong>MADEIRA<\/strong><\/p>\n\n\n\n<p><strong>NOTA: <\/strong>para abrir os formul\u00e1rios de submiss\u00e3o <strong>\u00c9<\/strong> <strong>NECESS\u00c1RIO TER A CONTA DE EMAIL ABERTO.<\/strong><\/p>\n\n\n<div class=\"wp-block-image\">\n<figure class=\"aligncenter size-large is-resized\"><img loading=\"lazy\" decoding=\"async\" src=\"https:\/\/dim314.apm.pt\/wp-content\/uploads\/2023\/01\/BARRA-1024x21.png\" alt=\"\" class=\"wp-image-461\" width=\"1187\" height=\"24\" srcset=\"https:\/\/dim314.apm.pt\/wp-content\/uploads\/2023\/01\/BARRA-1024x21.png 1024w, https:\/\/dim314.apm.pt\/wp-content\/uploads\/2023\/01\/BARRA-300x6.png 300w, https:\/\/dim314.apm.pt\/wp-content\/uploads\/2023\/01\/BARRA-768x16.png 768w, https:\/\/dim314.apm.pt\/wp-content\/uploads\/2023\/01\/BARRA-1536x32.png 1536w, https:\/\/dim314.apm.pt\/wp-content\/uploads\/2023\/01\/BARRA-2048x42.png 2048w\" sizes=\"auto, (max-width: 1187px) 100vw, 1187px\" \/><\/figure>\n<\/div>\n\n\n<div class=\"wp-block-columns is-layout-flex wp-container-core-columns-is-layout-9d6595d7 wp-block-columns-is-layout-flex\">\n<div class=\"wp-block-column has-nv-site-bg-background-color has-background is-layout-flow wp-block-column-is-layout-flow\">\n<p class=\"has-small-font-size\">.<\/p>\n\n\n<div class=\"wp-block-image\">\n<figure class=\"aligncenter size-full is-resized\"><img loading=\"lazy\" decoding=\"async\" src=\"https:\/\/dim314.apm.pt\/wp-content\/uploads\/2023\/01\/madeira_mapa_CINZENTO.png\" alt=\"\" class=\"wp-image-624\" width=\"444\" height=\"351\" srcset=\"https:\/\/dim314.apm.pt\/wp-content\/uploads\/2023\/01\/madeira_mapa_CINZENTO.png 566w, https:\/\/dim314.apm.pt\/wp-content\/uploads\/2023\/01\/madeira_mapa_CINZENTO-300x237.png 300w\" sizes=\"auto, (max-width: 444px) 100vw, 444px\" \/><\/figure>\n<\/div><\/div>\n\n\n\n<div class=\"wp-block-column is-layout-flow wp-block-column-is-layout-flow\">\n<p class=\"has-text-align-right has-small-font-size\">.<\/p>\n\n\n\n<p>Clique sobre a imagem abaixo, relativa \u00e0 categoria a que pretende concorrer, para aceder ao formul\u00e1rio de submiss\u00e3o.<\/p>\n\n\n\n<div class=\"wp-block-columns is-layout-flex wp-container-core-columns-is-layout-9d6595d7 wp-block-columns-is-layout-flex\">\n<div class=\"wp-block-column is-layout-flow wp-block-column-is-layout-flow\"><div class=\"wp-block-image\">\n<figure class=\"aligncenter size-full\"><a href=\"https:\/\/forms.gle\/vcGUjCPYoveU8d8p6\" target=\"_blank\" rel=\"noreferrer noopener\"><img loading=\"lazy\" decoding=\"async\" width=\"721\" height=\"239\" src=\"https:\/\/dim314.apm.pt\/wp-content\/uploads\/2023\/01\/diversa_1_PREMIO-PRE-ESCOLAR_2_3CICLO-2.png\" alt=\"\" class=\"wp-image-659\" srcset=\"https:\/\/dim314.apm.pt\/wp-content\/uploads\/2023\/01\/diversa_1_PREMIO-PRE-ESCOLAR_2_3CICLO-2.png 721w, https:\/\/dim314.apm.pt\/wp-content\/uploads\/2023\/01\/diversa_1_PREMIO-PRE-ESCOLAR_2_3CICLO-2-300x99.png 300w\" sizes=\"auto, (max-width: 721px) 100vw, 721px\" \/><\/a><\/figure>\n<\/div>\n\n\n<p class=\"has-text-align-right has-small-font-size\">.<\/p>\n\n\n<div class=\"wp-block-image\">\n<figure class=\"aligncenter size-full\"><a href=\"https:\/\/forms.gle\/ppwTLRj5FSoLGoyv9\" target=\"_blank\" rel=\"noreferrer noopener\"><img loading=\"lazy\" decoding=\"async\" width=\"653\" height=\"239\" src=\"https:\/\/dim314.apm.pt\/wp-content\/uploads\/2023\/01\/acb_escolar_premio-2_3_ciclo.png\" alt=\"\" class=\"wp-image-656\" srcset=\"https:\/\/dim314.apm.pt\/wp-content\/uploads\/2023\/01\/acb_escolar_premio-2_3_ciclo.png 653w, https:\/\/dim314.apm.pt\/wp-content\/uploads\/2023\/01\/acb_escolar_premio-2_3_ciclo-300x110.png 300w\" sizes=\"auto, (max-width: 653px) 100vw, 653px\" \/><\/a><\/figure>\n<\/div><\/div>\n\n\n\n<div class=\"wp-block-column is-layout-flow wp-block-column-is-layout-flow\"><div class=\"wp-block-image\">\n<figure class=\"aligncenter size-full\"><a href=\"https:\/\/forms.gle\/CmidG7Pjj69uxMs99\" target=\"_blank\" rel=\"noreferrer noopener\"><img loading=\"lazy\" decoding=\"async\" width=\"653\" height=\"239\" src=\"https:\/\/dim314.apm.pt\/wp-content\/uploads\/2023\/01\/acb_escolar_premio-1-ciclo-1.png\" alt=\"\" class=\"wp-image-654\" srcset=\"https:\/\/dim314.apm.pt\/wp-content\/uploads\/2023\/01\/acb_escolar_premio-1-ciclo-1.png 653w, https:\/\/dim314.apm.pt\/wp-content\/uploads\/2023\/01\/acb_escolar_premio-1-ciclo-1-300x110.png 300w\" sizes=\"auto, (max-width: 653px) 100vw, 653px\" \/><\/a><\/figure>\n<\/div>\n\n\n<p class=\"has-small-font-size\">.<\/p>\n\n\n<div class=\"wp-block-image\">\n<figure class=\"aligncenter size-full is-resized\"><a href=\"https:\/\/forms.gle\/RgGB56DdagL8TSv47\" target=\"_blank\" rel=\"noreferrer noopener\"><img loading=\"lazy\" decoding=\"async\" src=\"https:\/\/dim314.apm.pt\/wp-content\/uploads\/2023\/01\/diversa_1_PREMIO-PRE-ESCOLAR_ENS-SECUNDARIO.png\" alt=\"\" class=\"wp-image-458\" width=\"275\" height=\"92\" srcset=\"https:\/\/dim314.apm.pt\/wp-content\/uploads\/2023\/01\/diversa_1_PREMIO-PRE-ESCOLAR_ENS-SECUNDARIO.png 721w, https:\/\/dim314.apm.pt\/wp-content\/uploads\/2023\/01\/diversa_1_PREMIO-PRE-ESCOLAR_ENS-SECUNDARIO-300x99.png 300w\" sizes=\"auto, (max-width: 275px) 100vw, 275px\" \/><\/a><\/figure>\n<\/div><\/div>\n<\/div>\n<\/div>\n<\/div>\n\n\n<div class=\"wp-block-image\">\n<figure class=\"aligncenter size-large is-resized\"><img loading=\"lazy\" decoding=\"async\" src=\"https:\/\/dim314.apm.pt\/wp-content\/uploads\/2023\/01\/BARRA-1024x21.png\" alt=\"\" class=\"wp-image-461\" width=\"1149\" height=\"24\" srcset=\"https:\/\/dim314.apm.pt\/wp-content\/uploads\/2023\/01\/BARRA-1024x21.png 1024w, https:\/\/dim314.apm.pt\/wp-content\/uploads\/2023\/01\/BARRA-300x6.png 300w, https:\/\/dim314.apm.pt\/wp-content\/uploads\/2023\/01\/BARRA-768x16.png 768w, https:\/\/dim314.apm.pt\/wp-content\/uploads\/2023\/01\/BARRA-1536x32.png 1536w, https:\/\/dim314.apm.pt\/wp-content\/uploads\/2023\/01\/BARRA-2048x42.png 2048w\" sizes=\"auto, (max-width: 1149px) 100vw, 1149px\" \/><\/figure>\n<\/div>","protected":false},"excerpt":{"rendered":"<p>. MADEIRA NOTA: para abrir os formul\u00e1rios de submiss\u00e3o \u00c9 NECESS\u00c1RIO TER A CONTA DE EMAIL ABERTO. . . Clique sobre a imagem abaixo, relativa \u00e0 categoria a que pretende concorrer, para aceder ao formul\u00e1rio de submiss\u00e3o. . .<\/p>\n","protected":false},"author":2,"featured_media":0,"parent":0,"menu_order":0,"comment_status":"closed","ping_status":"closed","template":"","meta":{"_eb_attr":"","om_disable_all_campaigns":false,"_monsterinsights_skip_tracking":false,"_monsterinsights_sitenote_active":false,"_monsterinsights_sitenote_note":"","_monsterinsights_sitenote_category":0,"neve_meta_sidebar":"","neve_meta_container":"","neve_meta_enable_content_width":"","neve_meta_content_width":0,"neve_meta_title_alignment":"","neve_meta_author_avatar":"","neve_post_elements_order":"","neve_meta_disable_header":"","neve_meta_disable_footer":"","neve_meta_disable_title":"","footnotes":""},"class_list":["post-481","page","type-page","status-publish","hentry"],"aioseo_notices":[],"_links":{"self":[{"href":"https:\/\/dim314.apm.pt\/index.php?rest_route=\/wp\/v2\/pages\/481","targetHints":{"allow":["GET"]}}],"collection":[{"href":"https:\/\/dim314.apm.pt\/index.php?rest_route=\/wp\/v2\/pages"}],"about":[{"href":"https:\/\/dim314.apm.pt\/index.php?rest_route=\/wp\/v2\/types\/page"}],"author":[{"embeddable":true,"href":"https:\/\/dim314.apm.pt\/index.php?rest_route=\/wp\/v2\/users\/2"}],"replies":[{"embeddable":true,"href":"https:\/\/dim314.apm.pt\/index.php?rest_route=%2Fwp%2Fv2%2Fcomments&post=481"}],"version-history":[{"count":13,"href":"https:\/\/dim314.apm.pt\/index.php?rest_route=\/wp\/v2\/pages\/481\/revisions"}],"predecessor-version":[{"id":667,"href":"https:\/\/dim314.apm.pt\/index.php?rest_route=\/wp\/v2\/pages\/481\/revisions\/667"}],"wp:attachment":[{"href":"https:\/\/dim314.apm.pt\/index.php?rest_route=%2Fwp%2Fv2%2Fmedia&parent=481"}],"curies":[{"name":"wp","href":"https:\/\/api.w.org\/{rel}","templated":true}]}}