{"id":2900,"date":"2026-02-24T20:00:08","date_gmt":"2026-02-24T20:00:08","guid":{"rendered":"https:\/\/dim314.apm.pt\/?page_id=2900"},"modified":"2026-03-09T15:57:01","modified_gmt":"2026-03-09T15:57:01","slug":"dim-2026-conferencias","status":"publish","type":"page","link":"https:\/\/dim314.apm.pt\/?page_id=2900","title":{"rendered":"DIM 2026 &#8211; Confer\u00eancias"},"content":{"rendered":"<h1 style=\"text-align: center;\"><span style=\"color: #003366;\">Confer\u00eancias 2026<\/span><\/h1>\n\n\n<p style=\"padding-top:var(--wp--preset--spacing--30);padding-bottom:var(--wp--preset--spacing--30)\"><\/p>\n\n\n\n<div class=\"wp-block-columns is-layout-flex wp-container-core-columns-is-layout-9d6595d7 wp-block-columns-is-layout-flex\">\n<div class=\"wp-block-column is-layout-flow wp-block-column-is-layout-flow\"><div class=\"wp-block-image is-style-rounded\">\n<figure class=\"aligncenter size-full is-resized\"><img loading=\"lazy\" decoding=\"async\" width=\"350\" height=\"350\" src=\"https:\/\/dim314.apm.pt\/wp-content\/uploads\/2023\/11\/ZePaulo_Conferencia.jpg\" alt=\"\" class=\"wp-image-1646\" style=\"width:300px;height:auto\" srcset=\"https:\/\/dim314.apm.pt\/wp-content\/uploads\/2023\/11\/ZePaulo_Conferencia.jpg 350w, https:\/\/dim314.apm.pt\/wp-content\/uploads\/2023\/11\/ZePaulo_Conferencia-300x300.jpg 300w, https:\/\/dim314.apm.pt\/wp-content\/uploads\/2023\/11\/ZePaulo_Conferencia-150x150.jpg 150w\" sizes=\"auto, (max-width: 350px) 100vw, 350px\" \/><figcaption class=\"wp-element-caption\"><strong>Jos\u00e9 Paulo Viana<\/strong><\/figcaption><\/figure>\n<\/div>\n\n\n<p><\/p>\n\n\n\n<h5 style=\"text-align: center;\"><span style=\"color: #003366;\"><span style=\"color: #e0401f;\">T\u00edtulo da Confer\u00eancia 1:<\/span> <span style=\"color: #000000;\">Contar, arranjar, combinar<\/span><\/span><\/h5>\n<h6 style=\"text-align: center;\"><span style=\"color: #003366;\"><span style=\"color: #e0401f;\">Hora:<\/span> <\/span><span style=\"color: #000000;\">Sexta-feira 13\/03, 10<\/span><span style=\"color: #003366;\"><span style=\"color: #000000;\">h10 &#8211; 11h00 <span style=\"color: #003366;\">(ver nota abaixo)<\/span><\/span><\/span><\/h6>\n<h5 style=\"text-align: center;\"><span style=\"color: #003366;\"><span style=\"color: #e0401f;\">P\u00fablico-alvo:<\/span>\u00a0<\/span><span style=\"color: #003366;\"><span style=\"color: #000000;\">3.\u00ba Ciclo e <\/span><\/span><span style=\"color: #003366;\"><span style=\"color: #000000;\">Ensino Secund\u00e1rio<\/span><\/span><\/h5>\n<h5 style=\"text-align: center;\"><span style=\"color: #003366;\"><span style=\"color: #e0401f;\">Transmitido a partir de:<\/span> <span style=\"color: #000000;\">E. S. Francisco Franco, FUNCHAL<\/span><\/span><\/h5>\n\n\n<div class=\"wp-block-image\">\n<figure class=\"aligncenter size-full is-resized\"><a href=\"https:\/\/www.youtube.com\/watch?v=zgKeH14oo9M\" target=\"_blank\" rel=\"noreferrer noopener\"><img loading=\"lazy\" decoding=\"async\" width=\"225\" height=\"225\" src=\"https:\/\/dim314.apm.pt\/wp-content\/uploads\/2023\/11\/Youtube.png\" alt=\"\" class=\"wp-image-1651\" style=\"width:101px;height:auto\" srcset=\"https:\/\/dim314.apm.pt\/wp-content\/uploads\/2023\/11\/Youtube.png 225w, https:\/\/dim314.apm.pt\/wp-content\/uploads\/2023\/11\/Youtube-150x150.png 150w\" sizes=\"auto, (max-width: 225px) 100vw, 225px\" \/><\/a><\/figure>\n<\/div>\n\n\n<pre><strong>Jos\u00e9 Paulo Viana<\/strong> - Professor de Matem\u00e1tica (hoje reformado) conhecido do grande p\u00fablico pelos seus Desafios no jornal P\u00fablico. Entusiasta de problemas e de matem\u00e1ticas recreativas, faz confer\u00eancias, mostrando os aspetos l\u00fadicos, divertidos e ins\u00f3litos da matem\u00e1tica.<\/pre>\n\n\n\n<p style=\"text-align: justify;\"><strong>Resumo:<\/strong> Como ter\u00e1 come\u00e7ado a Matem\u00e1tica? Provavelmente, a contar e, logo a seguir, a somar e a subtrair. Os n\u00fameros tiveram e t\u00eam um papel fulcral na Matem\u00e1tica mas depois ela cresceu noutras dire\u00e7\u00f5es e \u00e9 muito mais que isso. Pit\u00e1goras ter\u00e1 dito \u201cOs n\u00fameros governam o mundo\u201d e temos aqui a primeira faceta da Matem\u00e1tica, simples instrumento no nosso dia-a-dia ou instrumento poderoso de outras ci\u00eancias para perceber e explicar o que nos rodeia. Numa segunda faceta, a Matem\u00e1tica \u00e9 uma ci\u00eancia aut\u00f3noma, que se desenvolve sem ter como objetivo a sua utiliza\u00e7\u00e3o pr\u00e1tica.Tendo os n\u00fameros como ponto de partida, iremos dar uma vista de olhos por estes dois aspetos da Matem\u00e1tica.<\/p>\n\n\n<\/div>\n\n\n\n<div class=\"wp-block-column is-layout-flow wp-block-column-is-layout-flow\"><div class=\"wp-block-image is-style-rounded\">\n<figure class=\"aligncenter size-full is-resized\"><img loading=\"lazy\" decoding=\"async\" width=\"444\" height=\"444\" src=\"https:\/\/dim314.apm.pt\/wp-content\/uploads\/2026\/02\/WhatsApp-Image-2026-02-24-at-21.53.23-2.png\" alt=\"\" class=\"wp-image-2914\" style=\"width:300px;height:auto\" srcset=\"https:\/\/dim314.apm.pt\/wp-content\/uploads\/2026\/02\/WhatsApp-Image-2026-02-24-at-21.53.23-2.png 444w, https:\/\/dim314.apm.pt\/wp-content\/uploads\/2026\/02\/WhatsApp-Image-2026-02-24-at-21.53.23-2-300x300.png 300w, https:\/\/dim314.apm.pt\/wp-content\/uploads\/2026\/02\/WhatsApp-Image-2026-02-24-at-21.53.23-2-150x150.png 150w\" sizes=\"auto, (max-width: 444px) 100vw, 444px\" \/><figcaption class=\"wp-element-caption\"><strong>Jaime Carvalho e Silva<\/strong><\/figcaption><\/figure>\n<\/div>\n\n\n<p><\/p>\n\n\n\n<h5 style=\"text-align: center;\"><span style=\"color: #003366;\"><span style=\"color: #e0401f;\">T\u00edtulo da Confer\u00eancia 2:<\/span> <span style=\"color: #000000;\">O papel da matem\u00e1tica no desenvolvimento da sociedade contempor\u00e2nea<\/span><\/span><\/h5>\n<h6 style=\"text-align: center;\"><span style=\"color: #003366;\"><span style=\"color: #e0401f;\">Hora: <\/span><\/span><span style=\"color: #000000;\">Sexta-feira 13\/03, <\/span><span style=\"color: #003366;\"><span style=\"color: #000000;\">14h00 &#8211; 14h50 <\/span><strong>(ver nota baixo)<\/strong><\/span><\/h6>\n<h5 style=\"text-align: center;\"><span style=\"color: #003366;\"><span style=\"color: #e0401f;\">P\u00fablico-alvo:<\/span>\u00a0<\/span><span style=\"color: #003366;\"><span style=\"color: #000000;\">3.\u00ba Ciclo e <\/span><\/span><span style=\"color: #003366;\"><span style=\"color: #000000;\">Ensino Secund\u00e1rio<\/span><\/span><\/h5>\n<h5 style=\"text-align: center;\"><span style=\"color: #003366;\"><span style=\"color: #e0401f;\">Transmitido a partir de: <\/span><\/span><span style=\"color: #003366;\"><span style=\"color: #000000;\">Universidade de AVEIRO<\/span><\/span><\/h5>\n\n\n<div class=\"wp-block-image\">\n<figure class=\"aligncenter size-full is-resized\"><a href=\"https:\/\/www.youtube.com\/watch?v=TdJuYw41m2U\" target=\"_blank\" rel=\"noreferrer noopener\"><img loading=\"lazy\" decoding=\"async\" width=\"225\" height=\"225\" src=\"https:\/\/dim314.apm.pt\/wp-content\/uploads\/2023\/11\/Youtube.png\" alt=\"\" class=\"wp-image-1651\" style=\"width:101px;height:auto\" srcset=\"https:\/\/dim314.apm.pt\/wp-content\/uploads\/2023\/11\/Youtube.png 225w, https:\/\/dim314.apm.pt\/wp-content\/uploads\/2023\/11\/Youtube-150x150.png 150w\" sizes=\"auto, (max-width: 225px) 100vw, 225px\" \/><\/a><\/figure>\n<\/div>\n\n\n<pre><strong>Jaime Carvalho e Silva<\/strong> - Professor do Departamento de Matem\u00e1tica da Faculdade de Ci\u00eancias e Tecnologia da Universidade de Coimbra. Figura incontorn\u00e1vel do ensino da Matem\u00e1tica em Portugal nas \u00faltimas d\u00e9cadas, faz confer\u00eancias que cativam tanto alunos como professores.<\/pre>\n\n\n\n<p style=\"text-align: justify;\"><strong>Resumo<\/strong>: A Matem\u00e1tica \u00e9 uma disciplina cada vez mais presente no nosso tempo, mesmo que alguns desvalorizem o papel da mesma ou at\u00e9 preferissem n\u00e3o ter que lidar com ela. O arquiteto Le Corbusier dizia \u201cA natureza \u00e9 matem\u00e1tica, as obras primas da arte est\u00e3o em conson\u00e2ncia com a natureza; elas exprimem as leis da natureza e servem-se delas.\u201d E com uma sociedade cada vez mais tecnol\u00f3gica a necessidade de usar ferramentas e modelos matem\u00e1ticos ainda aumenta mais, ponde em jogo Matem\u00e1tica abstrata que durante centenas de anos foi desenvolvida por puro deleite intelectual. \u00c9 incontorn\u00e1vel a necessidade de levar a Matem\u00e1tica a todos, seja para equipar o cidad\u00e3o seja para fortalecer o profissional.<\/p>\n<\/div>\n<\/div>\n\n\n\n<p class=\"has-nv-site-bg-color has-neve-link-color-background-color has-text-color has-background has-link-color wp-elements-69f86a2bbdede6c79fbc0a4b8884b27c\"><strong>Nota: <\/strong> <strong>O YouTube permite retroceder no tempo e adequar a visualiza\u00e7\u00e3o das confer\u00eancias ao hor\u00e1rios das turmas. Para al\u00e9m disso, as grava\u00e7\u00f5es ficar\u00e3o dispon\u00edveis no YouTube da APM para poderem ser vistas em qualquer momento oportuno.<\/strong><\/p>\n\n\n\n<p><\/p>\n\n\n\n<hr class=\"wp-block-separator has-css-opacity is-style-wide\"\/>\n\n\n<h4 style=\"text-align: center;\"><span style=\"color: #003366;\">CARTAZ DO EVENTO<\/span><\/h4>\n\n<div class=\"wp-block-image\">\n<figure class=\"aligncenter size-large is-resized\"><img loading=\"lazy\" decoding=\"async\" width=\"724\" height=\"1024\" src=\"https:\/\/dim314.apm.pt\/wp-content\/uploads\/2026\/02\/APM_DIM_Conferencias-2026-2-724x1024.png\" alt=\"\" class=\"wp-image-2925\" style=\"width:700px\" srcset=\"https:\/\/dim314.apm.pt\/wp-content\/uploads\/2026\/02\/APM_DIM_Conferencias-2026-2-724x1024.png 724w, https:\/\/dim314.apm.pt\/wp-content\/uploads\/2026\/02\/APM_DIM_Conferencias-2026-2-212x300.png 212w, https:\/\/dim314.apm.pt\/wp-content\/uploads\/2026\/02\/APM_DIM_Conferencias-2026-2-768x1086.png 768w, https:\/\/dim314.apm.pt\/wp-content\/uploads\/2026\/02\/APM_DIM_Conferencias-2026-2-1086x1536.png 1086w, https:\/\/dim314.apm.pt\/wp-content\/uploads\/2026\/02\/APM_DIM_Conferencias-2026-2-1448x2048.png 1448w, https:\/\/dim314.apm.pt\/wp-content\/uploads\/2026\/02\/APM_DIM_Conferencias-2026-2-scaled.png 1810w\" sizes=\"auto, (max-width: 724px) 100vw, 724px\" \/><\/figure>\n<\/div>\n\n\n<p><\/p>\n\n\n\n<hr class=\"wp-block-separator has-css-opacity is-style-dots\"\/>\n\n\n\n<ul class=\"wp-block-social-links aligncenter has-icon-color has-icon-background-color is-style-default is-content-justification-center is-layout-flex wp-container-core-social-links-is-layout-16018d1d wp-block-social-links-is-layout-flex\"><li style=\"color:#ffffff;background-color:#f67700;\" class=\"wp-social-link wp-social-link-facebook  wp-block-social-link\"><a href=\"https:\/\/www.facebook.com\/apmatematica\" class=\"wp-block-social-link-anchor\"><svg width=\"24\" height=\"24\" viewBox=\"0 0 24 24\" version=\"1.1\" xmlns=\"http:\/\/www.w3.org\/2000\/svg\" aria-hidden=\"true\" focusable=\"false\"><path d=\"M12 2C6.5 2 2 6.5 2 12c0 5 3.7 9.1 8.4 9.9v-7H7.9V12h2.5V9.8c0-2.5 1.5-3.9 3.8-3.9 1.1 0 2.2.2 2.2.2v2.5h-1.3c-1.2 0-1.6.8-1.6 1.6V12h2.8l-.4 2.9h-2.3v7C18.3 21.1 22 17 22 12c0-5.5-4.5-10-10-10z\"><\/path><\/svg><span class=\"wp-block-social-link-label screen-reader-text\">Facebook<\/span><\/a><\/li>\n\n<li style=\"color:#ffffff;background-color:#f67700;\" class=\"wp-social-link wp-social-link-instagram  wp-block-social-link\"><a href=\"https:\/\/www.instagram.com\/apmatematica_\/\" class=\"wp-block-social-link-anchor\"><svg width=\"24\" height=\"24\" viewBox=\"0 0 24 24\" version=\"1.1\" xmlns=\"http:\/\/www.w3.org\/2000\/svg\" aria-hidden=\"true\" focusable=\"false\"><path d=\"M12,4.622c2.403,0,2.688,0.009,3.637,0.052c0.877,0.04,1.354,0.187,1.671,0.31c0.42,0.163,0.72,0.358,1.035,0.673 c0.315,0.315,0.51,0.615,0.673,1.035c0.123,0.317,0.27,0.794,0.31,1.671c0.043,0.949,0.052,1.234,0.052,3.637 s-0.009,2.688-0.052,3.637c-0.04,0.877-0.187,1.354-0.31,1.671c-0.163,0.42-0.358,0.72-0.673,1.035 c-0.315,0.315-0.615,0.51-1.035,0.673c-0.317,0.123-0.794,0.27-1.671,0.31c-0.949,0.043-1.233,0.052-3.637,0.052 s-2.688-0.009-3.637-0.052c-0.877-0.04-1.354-0.187-1.671-0.31c-0.42-0.163-0.72-0.358-1.035-0.673 c-0.315-0.315-0.51-0.615-0.673-1.035c-0.123-0.317-0.27-0.794-0.31-1.671C4.631,14.688,4.622,14.403,4.622,12 s0.009-2.688,0.052-3.637c0.04-0.877,0.187-1.354,0.31-1.671c0.163-0.42,0.358-0.72,0.673-1.035 c0.315-0.315,0.615-0.51,1.035-0.673c0.317-0.123,0.794-0.27,1.671-0.31C9.312,4.631,9.597,4.622,12,4.622 M12,3 C9.556,3,9.249,3.01,8.289,3.054C7.331,3.098,6.677,3.25,6.105,3.472C5.513,3.702,5.011,4.01,4.511,4.511 c-0.5,0.5-0.808,1.002-1.038,1.594C3.25,6.677,3.098,7.331,3.054,8.289C3.01,9.249,3,9.556,3,12c0,2.444,0.01,2.751,0.054,3.711 c0.044,0.958,0.196,1.612,0.418,2.185c0.23,0.592,0.538,1.094,1.038,1.594c0.5,0.5,1.002,0.808,1.594,1.038 c0.572,0.222,1.227,0.375,2.185,0.418C9.249,20.99,9.556,21,12,21s2.751-0.01,3.711-0.054c0.958-0.044,1.612-0.196,2.185-0.418 c0.592-0.23,1.094-0.538,1.594-1.038c0.5-0.5,0.808-1.002,1.038-1.594c0.222-0.572,0.375-1.227,0.418-2.185 C20.99,14.751,21,14.444,21,12s-0.01-2.751-0.054-3.711c-0.044-0.958-0.196-1.612-0.418-2.185c-0.23-0.592-0.538-1.094-1.038-1.594 c-0.5-0.5-1.002-0.808-1.594-1.038c-0.572-0.222-1.227-0.375-2.185-0.418C14.751,3.01,14.444,3,12,3L12,3z M12,7.378 c-2.552,0-4.622,2.069-4.622,4.622S9.448,16.622,12,16.622s4.622-2.069,4.622-4.622S14.552,7.378,12,7.378z M12,15 c-1.657,0-3-1.343-3-3s1.343-3,3-3s3,1.343,3,3S13.657,15,12,15z M16.804,6.116c-0.596,0-1.08,0.484-1.08,1.08 s0.484,1.08,1.08,1.08c0.596,0,1.08-0.484,1.08-1.08S17.401,6.116,16.804,6.116z\"><\/path><\/svg><span class=\"wp-block-social-link-label screen-reader-text\">Instagram<\/span><\/a><\/li>\n\n<li style=\"color:#ffffff;background-color:#f67700;\" class=\"wp-social-link wp-social-link-youtube  wp-block-social-link\"><a href=\"https:\/\/www.youtube.com\/@APM.youtube\" class=\"wp-block-social-link-anchor\"><svg width=\"24\" height=\"24\" viewBox=\"0 0 24 24\" version=\"1.1\" xmlns=\"http:\/\/www.w3.org\/2000\/svg\" aria-hidden=\"true\" focusable=\"false\"><path d=\"M21.8,8.001c0,0-0.195-1.378-0.795-1.985c-0.76-0.797-1.613-0.801-2.004-0.847c-2.799-0.202-6.997-0.202-6.997-0.202 h-0.009c0,0-4.198,0-6.997,0.202C4.608,5.216,3.756,5.22,2.995,6.016C2.395,6.623,2.2,8.001,2.2,8.001S2,9.62,2,11.238v1.517 c0,1.618,0.2,3.237,0.2,3.237s0.195,1.378,0.795,1.985c0.761,0.797,1.76,0.771,2.205,0.855c1.6,0.153,6.8,0.201,6.8,0.201 s4.203-0.006,7.001-0.209c0.391-0.047,1.243-0.051,2.004-0.847c0.6-0.607,0.795-1.985,0.795-1.985s0.2-1.618,0.2-3.237v-1.517 C22,9.62,21.8,8.001,21.8,8.001z M9.935,14.594l-0.001-5.62l5.404,2.82L9.935,14.594z\"><\/path><\/svg><span class=\"wp-block-social-link-label screen-reader-text\">YouTube<\/span><\/a><\/li>\n\n<li style=\"color:#ffffff;background-color:#f67700;\" class=\"wp-social-link wp-social-link-mail  wp-block-social-link\"><a href=\"mailto:d&#105;m&#051;1&#052;&#064;&#097;pm&#046;&#112;&#116;\" class=\"wp-block-social-link-anchor\"><svg width=\"24\" height=\"24\" viewBox=\"0 0 24 24\" version=\"1.1\" xmlns=\"http:\/\/www.w3.org\/2000\/svg\" aria-hidden=\"true\" focusable=\"false\"><path d=\"M19,5H5c-1.1,0-2,.9-2,2v10c0,1.1.9,2,2,2h14c1.1,0,2-.9,2-2V7c0-1.1-.9-2-2-2zm.5,12c0,.3-.2.5-.5.5H5c-.3,0-.5-.2-.5-.5V9.8l7.5,5.6,7.5-5.6V17zm0-9.1L12,13.6,4.5,7.9V7c0-.3.2-.5.5-.5h14c.3,0,.5.2.5.5v.9z\"><\/path><\/svg><span class=\"wp-block-social-link-label screen-reader-text\">Mail<\/span><\/a><\/li><\/ul>\n","protected":false},"excerpt":{"rendered":"<p>Confer\u00eancias 2026 T\u00edtulo da Confer\u00eancia 1: Contar, arranjar, combinar Hora: Sexta-feira 13\/03, 10h10 &#8211; 11h00 (ver nota abaixo) P\u00fablico-alvo:\u00a03.\u00ba Ciclo e Ensino Secund\u00e1rio Transmitido a partir de: E. S. Francisco Franco, FUNCHAL Jos\u00e9 Paulo Viana &#8211; Professor de Matem\u00e1tica (hoje reformado) conhecido do grande p\u00fablico pelos seus Desafios no jornal P\u00fablico. Entusiasta de problemas e&hellip;&nbsp;<a href=\"https:\/\/dim314.apm.pt\/?page_id=2900\" rel=\"bookmark\">Ler mais &raquo;<span class=\"screen-reader-text\">DIM 2026 &#8211; Confer\u00eancias<\/span><\/a><\/p>\n","protected":false},"author":5,"featured_media":0,"parent":0,"menu_order":0,"comment_status":"closed","ping_status":"closed","template":"","meta":{"_eb_attr":"","om_disable_all_campaigns":false,"_monsterinsights_skip_tracking":false,"_monsterinsights_sitenote_active":false,"_monsterinsights_sitenote_note":"","_monsterinsights_sitenote_category":0,"neve_meta_sidebar":"","neve_meta_container":"","neve_meta_enable_content_width":"","neve_meta_content_width":0,"neve_meta_title_alignment":"","neve_meta_author_avatar":"","neve_post_elements_order":"","neve_meta_disable_header":"","neve_meta_disable_footer":"","neve_meta_disable_title":"","footnotes":""},"class_list":["post-2900","page","type-page","status-publish","hentry"],"aioseo_notices":[],"_links":{"self":[{"href":"https:\/\/dim314.apm.pt\/index.php?rest_route=\/wp\/v2\/pages\/2900","targetHints":{"allow":["GET"]}}],"collection":[{"href":"https:\/\/dim314.apm.pt\/index.php?rest_route=\/wp\/v2\/pages"}],"about":[{"href":"https:\/\/dim314.apm.pt\/index.php?rest_route=\/wp\/v2\/types\/page"}],"author":[{"embeddable":true,"href":"https:\/\/dim314.apm.pt\/index.php?rest_route=\/wp\/v2\/users\/5"}],"replies":[{"embeddable":true,"href":"https:\/\/dim314.apm.pt\/index.php?rest_route=%2Fwp%2Fv2%2Fcomments&post=2900"}],"version-history":[{"count":16,"href":"https:\/\/dim314.apm.pt\/index.php?rest_route=\/wp\/v2\/pages\/2900\/revisions"}],"predecessor-version":[{"id":2935,"href":"https:\/\/dim314.apm.pt\/index.php?rest_route=\/wp\/v2\/pages\/2900\/revisions\/2935"}],"wp:attachment":[{"href":"https:\/\/dim314.apm.pt\/index.php?rest_route=%2Fwp%2Fv2%2Fmedia&parent=2900"}],"curies":[{"name":"wp","href":"https:\/\/api.w.org\/{rel}","templated":true}]}}