{"id":2805,"date":"2026-01-04T19:41:46","date_gmt":"2026-01-04T19:41:46","guid":{"rendered":"https:\/\/dim314.apm.pt\/?page_id=2805"},"modified":"2026-01-04T19:41:47","modified_gmt":"2026-01-04T19:41:47","slug":"dim-2025-2","status":"publish","type":"page","link":"https:\/\/dim314.apm.pt\/?page_id=2805","title":{"rendered":"DIM 2025"},"content":{"rendered":"<h1 style=\"text-align: center;\"><span style=\"color: #003366;\">&#8220;Matem\u00e1tica, Arte, e Criatividade&#8221;<\/span><\/h1>\n\n<div class=\"wp-block-image\">\n<figure class=\"aligncenter size-full\"><img loading=\"lazy\" decoding=\"async\" width=\"593\" height=\"236\" src=\"https:\/\/dim314.apm.pt\/wp-content\/uploads\/2023\/10\/DIM_Portugues.jpg\" alt=\"\" class=\"wp-image-1570\" srcset=\"https:\/\/dim314.apm.pt\/wp-content\/uploads\/2023\/10\/DIM_Portugues.jpg 593w, https:\/\/dim314.apm.pt\/wp-content\/uploads\/2023\/10\/DIM_Portugues-300x119.jpg 300w\" sizes=\"auto, (max-width: 593px) 100vw, 593px\" \/><\/figure>\n<\/div>\n\n\n<p><\/p>\n\n\n<p class=\"medium\" style=\"text-align: justify;\">Todos os anos, \u00e9 anunciado um tema para <em>dar sabor<\/em> \u00e0 celebra\u00e7\u00e3o, despertar a criatividade e trazer luz \u00e0s conex\u00f5es entre a matem\u00e1tica e todos os tipos de campos, conceitos e ideias. O tema do<strong> DIM 2025 <\/strong>celebra a<strong> criatividade encontrada na descoberta matem\u00e1tica e na arte. <\/strong>Usar a matem\u00e1tica na arte abre portas para novas ideias, cria\u00e7\u00f5es belas e cativantes.<\/p>\n\n<h2 style=\"text-align: center;\"><span style=\"color: #003366;\">Confer\u00eancias 2025<\/span><\/h2>\n\n\n<p style=\"padding-top:var(--wp--preset--spacing--30);padding-bottom:var(--wp--preset--spacing--30)\">No dia 14 de mar\u00e7o, celebre o Dia Internacional da Matem\u00e1tica assistindo \u00e0s <strong>confer\u00eancias<\/strong> organizadas pela APM, durante a\u00a0<strong>Final do Campeonato Nacional de Jogos Matem\u00e1ticos<\/strong>\u00a0no<strong>\u00a0Anfiteatro do Departamento de Ambiente da Universidade de Aveiro<\/strong>, e <strong>transmitidas <em>online<\/em><\/strong> para todo o pa\u00eds e comunidade de l\u00edngua portuguesa, em <a href=\"https:\/\/www.youtube.com\/@APM.youtube\/streams\" target=\"_blank\" rel=\"noreferrer noopener\"><strong>www.youtube.com\/@APM.youtube\/streams<\/strong><\/a>.<\/p>\n\n\n<h5 style=\"text-align: center;\"><a href=\"https:\/\/dim314.apm.pt\/wp-content\/uploads\/2025\/03\/DIM_Palestras_2025.pdf\" target=\"_blank\" rel=\"noopener\"><strong>Programa das Confer\u00eancias<\/strong><\/a><\/h5>\n\n\n<div class=\"wp-block-columns is-layout-flex wp-container-core-columns-is-layout-9d6595d7 wp-block-columns-is-layout-flex\">\n<div class=\"wp-block-column is-layout-flow wp-block-column-is-layout-flow\"><div class=\"wp-block-image is-style-rounded\">\n<figure class=\"aligncenter size-full is-resized\"><img loading=\"lazy\" decoding=\"async\" width=\"350\" height=\"350\" src=\"https:\/\/dim314.apm.pt\/wp-content\/uploads\/2023\/11\/JaimeSilva_Conferencia.jpg\" alt=\"\" class=\"wp-image-1647\" style=\"width:300px;height:auto\" srcset=\"https:\/\/dim314.apm.pt\/wp-content\/uploads\/2023\/11\/JaimeSilva_Conferencia.jpg 350w, https:\/\/dim314.apm.pt\/wp-content\/uploads\/2023\/11\/JaimeSilva_Conferencia-300x300.jpg 300w, https:\/\/dim314.apm.pt\/wp-content\/uploads\/2023\/11\/JaimeSilva_Conferencia-150x150.jpg 150w\" sizes=\"auto, (max-width: 350px) 100vw, 350px\" \/><figcaption class=\"wp-element-caption\"><strong>Jaime Carvalho e Silva<\/strong><\/figcaption><\/figure>\n<\/div>\n\n<div class=\"wp-block-image\">\n<figure class=\"aligncenter size-full is-resized\"><a href=\"https:\/\/www.youtube.com\/@APM.youtube\/streams\" target=\"_blank\" rel=\"noreferrer noopener\"><img loading=\"lazy\" decoding=\"async\" width=\"225\" height=\"225\" src=\"https:\/\/dim314.apm.pt\/wp-content\/uploads\/2023\/11\/Youtube.png\" alt=\"\" class=\"wp-image-1651\" style=\"width:101px;height:auto\" srcset=\"https:\/\/dim314.apm.pt\/wp-content\/uploads\/2023\/11\/Youtube.png 225w, https:\/\/dim314.apm.pt\/wp-content\/uploads\/2023\/11\/Youtube-150x150.png 150w\" sizes=\"auto, (max-width: 225px) 100vw, 225px\" \/><\/a><\/figure>\n<\/div>\n\n\n<p class=\"has-text-align-center\"><\/p>\n\n\n\n<pre><strong>Jaime Carvalho e Silva<\/strong> - Professor do Departamento de Matem\u00e1tica da Faculdade de Ci\u00eancias e Tecnologia da Universidade de Coimbra. Figura incontorn\u00e1vel do ensino da Matem\u00e1tica em Portugal nas \u00faltimas d\u00e9cadas, faz confer\u00eancias que cativam tanto alunos como professores.<\/pre>\n\n\n\n<hr class=\"wp-block-separator has-alpha-channel-opacity is-style-dots\"\/>\n<\/div>\n\n\n\n<div class=\"wp-block-column is-layout-flow wp-block-column-is-layout-flow\"><div class=\"wp-block-image is-style-rounded\">\n<figure class=\"aligncenter size-full is-resized\"><img loading=\"lazy\" decoding=\"async\" width=\"350\" height=\"350\" src=\"https:\/\/dim314.apm.pt\/wp-content\/uploads\/2023\/11\/ZePaulo_Conferencia.jpg\" alt=\"\" class=\"wp-image-1646\" style=\"width:300px;height:auto\" srcset=\"https:\/\/dim314.apm.pt\/wp-content\/uploads\/2023\/11\/ZePaulo_Conferencia.jpg 350w, https:\/\/dim314.apm.pt\/wp-content\/uploads\/2023\/11\/ZePaulo_Conferencia-300x300.jpg 300w, https:\/\/dim314.apm.pt\/wp-content\/uploads\/2023\/11\/ZePaulo_Conferencia-150x150.jpg 150w\" sizes=\"auto, (max-width: 350px) 100vw, 350px\" \/><figcaption class=\"wp-element-caption\"><strong>Jos\u00e9 Paulo Viana<\/strong><\/figcaption><\/figure>\n<\/div>\n\n<div class=\"wp-block-image\">\n<figure class=\"aligncenter size-full is-resized\"><a href=\"https:\/\/www.youtube.com\/@APM.youtube\/streams\" target=\"_blank\" rel=\"noreferrer noopener\"><img loading=\"lazy\" decoding=\"async\" width=\"225\" height=\"225\" src=\"https:\/\/dim314.apm.pt\/wp-content\/uploads\/2023\/11\/Youtube.png\" alt=\"\" class=\"wp-image-1651\" style=\"width:101px;height:auto\" srcset=\"https:\/\/dim314.apm.pt\/wp-content\/uploads\/2023\/11\/Youtube.png 225w, https:\/\/dim314.apm.pt\/wp-content\/uploads\/2023\/11\/Youtube-150x150.png 150w\" sizes=\"auto, (max-width: 225px) 100vw, 225px\" \/><\/a><\/figure>\n<\/div>\n\n\n<p class=\"has-text-align-center\"><\/p>\n\n\n\n<pre><strong>Jos\u00e9 Paulo Viana<\/strong> - Professor de Matem\u00e1tica (hoje reformado) conhecido do grande p\u00fablico pelos seus Desafios no jornal P\u00fablico. Entusiasta de problemas e de matem\u00e1ticas recreativas, faz confer\u00eancias, mostrando os aspetos l\u00fadicos, divertidos e ins\u00f3litos da matem\u00e1tica.<\/pre>\n\n\n\n<hr class=\"wp-block-separator has-alpha-channel-opacity is-style-dots\"\/>\n<\/div>\n<\/div>\n\n\n\n<p class=\"has-nv-site-bg-color has-neve-link-color-background-color has-text-color has-background has-link-color wp-elements-b7f93cfa182ae818fb3dc1d21927736a\"><strong>Nota: <\/strong> <strong>O YouTube permite retroceder no tempo e adequar a visualiza\u00e7\u00e3o das confer\u00eancias aos hor\u00e1rios das turmas.<\/strong> Por exemplo, se um professor quiser come\u00e7ar a ver a Confer\u00eancia 1, na sala de aula, \u00e0s 11h35 (em vez de 11h30), bastar\u00e1 retroceder 5 minutos.<\/p>\n\n\n\n<figure class=\"wp-block-image size-full\"><img loading=\"lazy\" decoding=\"async\" width=\"1133\" height=\"2560\" src=\"https:\/\/dim314.apm.pt\/wp-content\/uploads\/2025\/03\/Dia-do-Pi-Mailing-01-1-scaled.jpg\" alt=\"\" class=\"wp-image-2784\" srcset=\"https:\/\/dim314.apm.pt\/wp-content\/uploads\/2025\/03\/Dia-do-Pi-Mailing-01-1-scaled.jpg 1133w, https:\/\/dim314.apm.pt\/wp-content\/uploads\/2025\/03\/Dia-do-Pi-Mailing-01-1-133x300.jpg 133w, https:\/\/dim314.apm.pt\/wp-content\/uploads\/2025\/03\/Dia-do-Pi-Mailing-01-1-453x1024.jpg 453w, https:\/\/dim314.apm.pt\/wp-content\/uploads\/2025\/03\/Dia-do-Pi-Mailing-01-1-768x1736.jpg 768w, https:\/\/dim314.apm.pt\/wp-content\/uploads\/2025\/03\/Dia-do-Pi-Mailing-01-1-680x1536.jpg 680w, https:\/\/dim314.apm.pt\/wp-content\/uploads\/2025\/03\/Dia-do-Pi-Mailing-01-1-906x2048.jpg 906w\" sizes=\"auto, (max-width: 1133px) 100vw, 1133px\" \/><\/figure>\n\n\n\n<hr class=\"wp-block-separator has-css-opacity is-style-wide\"\/>\n\n\n\n\n\n<p><\/p>\n\n\n\n<p class=\"has-text-align-center\" style=\"font-size:33px\"><strong>APOIO<\/strong><\/p>\n\n\n\n<div class=\"wp-block-columns is-layout-flex wp-container-core-columns-is-layout-9d6595d7 wp-block-columns-is-layout-flex\">\n<div class=\"wp-block-column is-layout-flow wp-block-column-is-layout-flow\"><div class=\"wp-block-image\">\n<figure class=\"aligncenter size-large is-resized\"><a href=\"https:\/\/www.ua.pt\/\" target=\"_blank\" rel=\"noreferrer noopener\"><img loading=\"lazy\" decoding=\"async\" width=\"1024\" height=\"384\" src=\"https:\/\/dim314.apm.pt\/wp-content\/uploads\/2024\/02\/uaveiro-logo-1024x384.png\" alt=\"\" class=\"wp-image-2481\" style=\"width:280px;height:auto\" srcset=\"https:\/\/dim314.apm.pt\/wp-content\/uploads\/2024\/02\/uaveiro-logo-1024x384.png 1024w, https:\/\/dim314.apm.pt\/wp-content\/uploads\/2024\/02\/uaveiro-logo-300x113.png 300w, https:\/\/dim314.apm.pt\/wp-content\/uploads\/2024\/02\/uaveiro-logo-768x288.png 768w, https:\/\/dim314.apm.pt\/wp-content\/uploads\/2024\/02\/uaveiro-logo-1536x576.png 1536w, https:\/\/dim314.apm.pt\/wp-content\/uploads\/2024\/02\/uaveiro-logo.png 1919w\" sizes=\"auto, (max-width: 1024px) 100vw, 1024px\" \/><\/a><\/figure>\n<\/div><\/div>\n<\/div>\n\n\n\n<hr class=\"wp-block-separator has-css-opacity is-style-wide\"\/>\n\n\n\n<p><\/p>\n\n\n<h2 style=\"text-align: center;\"><span style=\"color: #003366;\">Concurso 2025<\/span><\/h2>\n\n<h3 class=\"medium\" style=\"text-align: justify;\"><strong>Em 2025, a APM associa-se ao Concurso \u00abSimetrias das cal\u00e7adas de Lisboa\u00bb, promovido pela Academia das Ci\u00eancias de Lisboa, e encoraja todos os professores de Matem\u00e1tica a mobilizar os seus alunos para participar.<\/strong><\/h3>\n<p style=\"text-align: justify;\">O <strong>Concurso \u00abSimetrias das cal\u00e7adas de Lisboa\u00bb<\/strong>\u00a0visa premiar 5 propostas para 5 padr\u00f5es de simetrias em falta na cal\u00e7ada portuguesa da cidade.\u00a0Podem concorrer os alunos matriculados, no ano letivo 2024\/2025, <strong>no 9.\u00ba ano e no Ensino Secund\u00e1rio<\/strong>. Cada pr\u00e9mio, no valor de <strong>1000 euros<\/strong>, ser\u00e1 atribu\u00eddo por cada padr\u00e3o de simetria. As propostas podem ser enviadas em PDF para <a href=\"mailto:geral@acad-ciencias.pt\">geral@acad-ciencias.pt\u00a0<\/a> at\u00e9 dia <strong>2 de mar\u00e7o<\/strong>. Os vencedores ser\u00e3o anunciados em sess\u00e3o p\u00fablica da Academia das Ci\u00eancias de Lisboa no dia 14 de mar\u00e7o no \u00e2mbito das comemora\u00e7\u00f5es do Dia Internacional da Matem\u00e1tica, Arte e Criatividade.<\/p>\n\n<div class=\"wp-block-image\">\n<figure class=\"aligncenter size-large\"><a href=\"https:\/\/dim314.apm.pt\/wp-content\/uploads\/2025\/02\/Cartaz_Simetrias_Calcadas_Lisboa-scaled.jpg\" target=\"_blank\" rel=\" noreferrer noopener\"><img loading=\"lazy\" decoding=\"async\" width=\"724\" height=\"1024\" src=\"https:\/\/dim314.apm.pt\/wp-content\/uploads\/2025\/02\/Cartaz_Simetrias_Calcadas_Lisboa-724x1024.jpg\" alt=\"\" class=\"wp-image-2763\" srcset=\"https:\/\/dim314.apm.pt\/wp-content\/uploads\/2025\/02\/Cartaz_Simetrias_Calcadas_Lisboa-724x1024.jpg 724w, https:\/\/dim314.apm.pt\/wp-content\/uploads\/2025\/02\/Cartaz_Simetrias_Calcadas_Lisboa-212x300.jpg 212w, https:\/\/dim314.apm.pt\/wp-content\/uploads\/2025\/02\/Cartaz_Simetrias_Calcadas_Lisboa-768x1086.jpg 768w, https:\/\/dim314.apm.pt\/wp-content\/uploads\/2025\/02\/Cartaz_Simetrias_Calcadas_Lisboa-1086x1536.jpg 1086w, https:\/\/dim314.apm.pt\/wp-content\/uploads\/2025\/02\/Cartaz_Simetrias_Calcadas_Lisboa-1448x2048.jpg 1448w, https:\/\/dim314.apm.pt\/wp-content\/uploads\/2025\/02\/Cartaz_Simetrias_Calcadas_Lisboa-scaled.jpg 1810w\" sizes=\"auto, (max-width: 724px) 100vw, 724px\" \/><\/a><\/figure>\n<\/div>\n\n\n<p><\/p>\n\n\n\n<p><p style=\"text-align: justify;\"><em>A Cal\u00e7ada Portuguesa, parte integrante do patrim\u00f3nio cultural nacional, iniciou-se em Lisboa em 1849, com o padr\u00e3o \u201cmar largo\u201d, ainda hoje existente no Rossio, que est\u00e1 espalhado pelo pa\u00eds e pelo mundo. A capital de Portugal conta nos seus passeios e largos p\u00fablicos com todos os sete tipos de frisos e com doze tipos de padr\u00f5es, faltando-lhe cinco tipos de padr\u00f5es para ser a primeira cidade a completar todos os vinte e quatro tipos de simetrias planas nas suas cal\u00e7adas.<\/em><\/p><\/p>\n\n\n\n<p><strong>Mais informa\u00e7\u00f5es<\/strong>: <a href=\"https:\/\/www.acad-ciencias.pt\/academia\/premios\/\" target=\"_blank\" rel=\"noopener\" title=\"\">https:\/\/www.acad-ciencias.pt\/academia\/premios\/<\/a><\/p>\n\n\n\n<p><strong>Regulamento<\/strong>: <a href=\"https:\/\/www.acad-ciencias.pt\/wp-content\/uploads\/2025\/01\/5.-Regulamento-1.pdf\">https:\/\/www.acad-ciencias.pt\/wp-content\/uploads\/2025\/01\/5.-Regulamento-1.pdf<\/a><\/p>\n\n\n\n<hr class=\"wp-block-separator has-css-opacity is-style-wide\"\/>\n\n\n\n<ul class=\"wp-block-social-links aligncenter has-icon-color has-icon-background-color is-style-default is-content-justification-center is-layout-flex wp-container-core-social-links-is-layout-16018d1d wp-block-social-links-is-layout-flex\"><li style=\"color:#ffffff;background-color:var(u002du002dnv-c-2);\" class=\"wp-social-link wp-social-link-facebook has-nv-c-2-background-color wp-block-social-link\"><a rel=\"noopener nofollow\" target=\"_blank\" href=\"https:\/\/www.facebook.com\/apmatematica\" class=\"wp-block-social-link-anchor\"><svg width=\"24\" height=\"24\" viewBox=\"0 0 24 24\" version=\"1.1\" xmlns=\"http:\/\/www.w3.org\/2000\/svg\" aria-hidden=\"true\" focusable=\"false\"><path d=\"M12 2C6.5 2 2 6.5 2 12c0 5 3.7 9.1 8.4 9.9v-7H7.9V12h2.5V9.8c0-2.5 1.5-3.9 3.8-3.9 1.1 0 2.2.2 2.2.2v2.5h-1.3c-1.2 0-1.6.8-1.6 1.6V12h2.8l-.4 2.9h-2.3v7C18.3 21.1 22 17 22 12c0-5.5-4.5-10-10-10z\"><\/path><\/svg><span class=\"wp-block-social-link-label screen-reader-text\">Facebook<\/span><\/a><\/li>\n\n<li style=\"color:#ffffff;background-color:var(u002du002dnv-c-2);\" class=\"wp-social-link wp-social-link-instagram has-nv-c-2-background-color wp-block-social-link\"><a rel=\"noopener nofollow\" target=\"_blank\" href=\"https:\/\/www.instagram.com\/apmatematica_\/\" class=\"wp-block-social-link-anchor\"><svg width=\"24\" height=\"24\" viewBox=\"0 0 24 24\" version=\"1.1\" xmlns=\"http:\/\/www.w3.org\/2000\/svg\" aria-hidden=\"true\" focusable=\"false\"><path d=\"M12,4.622c2.403,0,2.688,0.009,3.637,0.052c0.877,0.04,1.354,0.187,1.671,0.31c0.42,0.163,0.72,0.358,1.035,0.673 c0.315,0.315,0.51,0.615,0.673,1.035c0.123,0.317,0.27,0.794,0.31,1.671c0.043,0.949,0.052,1.234,0.052,3.637 s-0.009,2.688-0.052,3.637c-0.04,0.877-0.187,1.354-0.31,1.671c-0.163,0.42-0.358,0.72-0.673,1.035 c-0.315,0.315-0.615,0.51-1.035,0.673c-0.317,0.123-0.794,0.27-1.671,0.31c-0.949,0.043-1.233,0.052-3.637,0.052 s-2.688-0.009-3.637-0.052c-0.877-0.04-1.354-0.187-1.671-0.31c-0.42-0.163-0.72-0.358-1.035-0.673 c-0.315-0.315-0.51-0.615-0.673-1.035c-0.123-0.317-0.27-0.794-0.31-1.671C4.631,14.688,4.622,14.403,4.622,12 s0.009-2.688,0.052-3.637c0.04-0.877,0.187-1.354,0.31-1.671c0.163-0.42,0.358-0.72,0.673-1.035 c0.315-0.315,0.615-0.51,1.035-0.673c0.317-0.123,0.794-0.27,1.671-0.31C9.312,4.631,9.597,4.622,12,4.622 M12,3 C9.556,3,9.249,3.01,8.289,3.054C7.331,3.098,6.677,3.25,6.105,3.472C5.513,3.702,5.011,4.01,4.511,4.511 c-0.5,0.5-0.808,1.002-1.038,1.594C3.25,6.677,3.098,7.331,3.054,8.289C3.01,9.249,3,9.556,3,12c0,2.444,0.01,2.751,0.054,3.711 c0.044,0.958,0.196,1.612,0.418,2.185c0.23,0.592,0.538,1.094,1.038,1.594c0.5,0.5,1.002,0.808,1.594,1.038 c0.572,0.222,1.227,0.375,2.185,0.418C9.249,20.99,9.556,21,12,21s2.751-0.01,3.711-0.054c0.958-0.044,1.612-0.196,2.185-0.418 c0.592-0.23,1.094-0.538,1.594-1.038c0.5-0.5,0.808-1.002,1.038-1.594c0.222-0.572,0.375-1.227,0.418-2.185 C20.99,14.751,21,14.444,21,12s-0.01-2.751-0.054-3.711c-0.044-0.958-0.196-1.612-0.418-2.185c-0.23-0.592-0.538-1.094-1.038-1.594 c-0.5-0.5-1.002-0.808-1.594-1.038c-0.572-0.222-1.227-0.375-2.185-0.418C14.751,3.01,14.444,3,12,3L12,3z M12,7.378 c-2.552,0-4.622,2.069-4.622,4.622S9.448,16.622,12,16.622s4.622-2.069,4.622-4.622S14.552,7.378,12,7.378z M12,15 c-1.657,0-3-1.343-3-3s1.343-3,3-3s3,1.343,3,3S13.657,15,12,15z M16.804,6.116c-0.596,0-1.08,0.484-1.08,1.08 s0.484,1.08,1.08,1.08c0.596,0,1.08-0.484,1.08-1.08S17.401,6.116,16.804,6.116z\"><\/path><\/svg><span class=\"wp-block-social-link-label screen-reader-text\">Instagram<\/span><\/a><\/li>\n\n<li style=\"color:#ffffff;background-color:var(u002du002dnv-c-2);\" class=\"wp-social-link wp-social-link-youtube has-nv-c-2-background-color wp-block-social-link\"><a rel=\"noopener nofollow\" target=\"_blank\" href=\"https:\/\/www.youtube.com\/@APM.youtube\" class=\"wp-block-social-link-anchor\"><svg width=\"24\" height=\"24\" viewBox=\"0 0 24 24\" version=\"1.1\" xmlns=\"http:\/\/www.w3.org\/2000\/svg\" aria-hidden=\"true\" focusable=\"false\"><path d=\"M21.8,8.001c0,0-0.195-1.378-0.795-1.985c-0.76-0.797-1.613-0.801-2.004-0.847c-2.799-0.202-6.997-0.202-6.997-0.202 h-0.009c0,0-4.198,0-6.997,0.202C4.608,5.216,3.756,5.22,2.995,6.016C2.395,6.623,2.2,8.001,2.2,8.001S2,9.62,2,11.238v1.517 c0,1.618,0.2,3.237,0.2,3.237s0.195,1.378,0.795,1.985c0.761,0.797,1.76,0.771,2.205,0.855c1.6,0.153,6.8,0.201,6.8,0.201 s4.203-0.006,7.001-0.209c0.391-0.047,1.243-0.051,2.004-0.847c0.6-0.607,0.795-1.985,0.795-1.985s0.2-1.618,0.2-3.237v-1.517 C22,9.62,21.8,8.001,21.8,8.001z M9.935,14.594l-0.001-5.62l5.404,2.82L9.935,14.594z\"><\/path><\/svg><span class=\"wp-block-social-link-label screen-reader-text\">YouTube<\/span><\/a><\/li>\n\n<li style=\"color:#ffffff;background-color:var(u002du002dnv-c-2);\" class=\"wp-social-link wp-social-link-mail has-nv-c-2-background-color wp-block-social-link\"><a rel=\"noopener nofollow\" target=\"_blank\" href=\"mailto:&#100;&#105;&#109;&#051;1&#052;&#064;&#097;&#112;m&#046;&#112;t\" class=\"wp-block-social-link-anchor\"><svg width=\"24\" height=\"24\" viewBox=\"0 0 24 24\" version=\"1.1\" xmlns=\"http:\/\/www.w3.org\/2000\/svg\" aria-hidden=\"true\" focusable=\"false\"><path d=\"M19,5H5c-1.1,0-2,.9-2,2v10c0,1.1.9,2,2,2h14c1.1,0,2-.9,2-2V7c0-1.1-.9-2-2-2zm.5,12c0,.3-.2.5-.5.5H5c-.3,0-.5-.2-.5-.5V9.8l7.5,5.6,7.5-5.6V17zm0-9.1L12,13.6,4.5,7.9V7c0-.3.2-.5.5-.5h14c.3,0,.5.2.5.5v.9z\"><\/path><\/svg><span class=\"wp-block-social-link-label screen-reader-text\">Mail<\/span><\/a><\/li><\/ul>\n","protected":false},"excerpt":{"rendered":"<p>&#8220;Matem\u00e1tica, Arte, e Criatividade&#8221; Todos os anos, \u00e9 anunciado um tema para dar sabor \u00e0 celebra\u00e7\u00e3o, despertar a criatividade e trazer luz \u00e0s conex\u00f5es entre a matem\u00e1tica e todos os tipos de campos, conceitos e ideias. O tema do DIM 2025 celebra a criatividade encontrada na descoberta matem\u00e1tica e na arte. Usar a matem\u00e1tica na&hellip;&nbsp;<a href=\"https:\/\/dim314.apm.pt\/?page_id=2805\" rel=\"bookmark\">Ler mais &raquo;<span class=\"screen-reader-text\">DIM 2025<\/span><\/a><\/p>\n","protected":false},"author":5,"featured_media":0,"parent":0,"menu_order":0,"comment_status":"closed","ping_status":"closed","template":"","meta":{"_eb_attr":"","om_disable_all_campaigns":false,"_monsterinsights_skip_tracking":false,"_monsterinsights_sitenote_active":false,"_monsterinsights_sitenote_note":"","_monsterinsights_sitenote_category":0,"neve_meta_sidebar":"","neve_meta_container":"","neve_meta_enable_content_width":"","neve_meta_content_width":0,"neve_meta_title_alignment":"","neve_meta_author_avatar":"","neve_post_elements_order":"","neve_meta_disable_header":"","neve_meta_disable_footer":"","neve_meta_disable_title":"","footnotes":""},"class_list":["post-2805","page","type-page","status-publish","hentry"],"aioseo_notices":[],"_links":{"self":[{"href":"https:\/\/dim314.apm.pt\/index.php?rest_route=\/wp\/v2\/pages\/2805","targetHints":{"allow":["GET"]}}],"collection":[{"href":"https:\/\/dim314.apm.pt\/index.php?rest_route=\/wp\/v2\/pages"}],"about":[{"href":"https:\/\/dim314.apm.pt\/index.php?rest_route=\/wp\/v2\/types\/page"}],"author":[{"embeddable":true,"href":"https:\/\/dim314.apm.pt\/index.php?rest_route=\/wp\/v2\/users\/5"}],"replies":[{"embeddable":true,"href":"https:\/\/dim314.apm.pt\/index.php?rest_route=%2Fwp%2Fv2%2Fcomments&post=2805"}],"version-history":[{"count":1,"href":"https:\/\/dim314.apm.pt\/index.php?rest_route=\/wp\/v2\/pages\/2805\/revisions"}],"predecessor-version":[{"id":2807,"href":"https:\/\/dim314.apm.pt\/index.php?rest_route=\/wp\/v2\/pages\/2805\/revisions\/2807"}],"wp:attachment":[{"href":"https:\/\/dim314.apm.pt\/index.php?rest_route=%2Fwp%2Fv2%2Fmedia&parent=2805"}],"curies":[{"name":"wp","href":"https:\/\/api.w.org\/{rel}","templated":true}]}}