{"id":186,"date":"2023-01-07T03:05:21","date_gmt":"2023-01-07T03:05:21","guid":{"rendered":"https:\/\/dim314.apm.pt\/?page_id=186"},"modified":"2023-06-02T01:13:22","modified_gmt":"2023-06-02T00:13:22","slug":"juris","status":"publish","type":"page","link":"https:\/\/dim314.apm.pt\/?page_id=186","title":{"rendered":"J\u00daRIS"},"content":{"rendered":"\n<p><\/p>\n\n\n\n<p><strong>J\u00daRIS DOS CONCURSOS<\/strong><\/p>\n\n\n\n<p>Haver\u00e3o dois tipos de j\u00faris para o CONCURSO PARA ALUNOS, os j\u00faris regionais e o j\u00fari nacional. Para o CONCURSO PARA ESCOLAS haver\u00e1 apenas um j\u00fari nacional.<\/p>\n\n\n\n<p class=\"has-neve-link-color-color has-text-color has-medium-font-size\"><strong>J\u00daRIS NACIONAIS<\/strong><\/p>\n\n\n\n<p class=\"has-nv-c-2-color has-text-color\"><strong>CONCURSO PARA ESCOLAS &#8211; &#8220;MATEM\u00c1TICA PARA TODOS!&#8221;<\/strong><\/p>\n\n\n\n<p>Elementos do j\u00fari:<\/p>\n\n\n\n<ul class=\"wp-block-list\">\n<li>Jos\u00e9 Miguel Sousa (Presidente do\u00a0J\u00fari), Dire\u00e7\u00e3o da APM\u00a0<\/li>\n\n\n\n<li>M\u00f3nica Valad\u00e3o,\u00a0Dire\u00e7\u00e3o da APM\u00a0<\/li>\n\n\n\n<li>S\u00f3nia Abreu, N\u00facleo Regional da Madeira da APM<\/li>\n\n\n\n<li>Cristina Lopes,\u00a0N\u00facleo Regional da Madeira da APM<\/li>\n\n\n\n<li>Filipe Galego, AE de\u00a0Escola\u00a0Martinho \u00c1rias<\/li>\n<\/ul>\n\n\n\n<p class=\"has-text-align-right\">.<\/p>\n\n\n\n<p class=\"has-nv-c-2-color has-text-color\"><strong>CONCURSO PARA ALUNOS &#8211; &#8220;O QUE \u00c9 A MATEM\u00c1TICA?&#8221;<\/strong><\/p>\n\n\n\n<p class=\"has-neve-link-hover-color-color has-text-color\">Elementos do j\u00fari da categoria <strong>EDUCA\u00c7\u00c3O PR\u00c9-ESCOLAR<\/strong>:<\/p>\n\n\n\n<ul class=\"wp-block-list\">\n<li>Maria F\u00e1tima Fernandes (Presidente do J\u00fari), Instituto Polit\u00e9cnico de Viana do Castelo<\/li>\n\n\n\n<li>Maria da Concei\u00e7\u00e3o Cerqueira Martins Vieira<\/li>\n\n\n\n<li>Maria de Jesus Rocha Costa Sousa\u00a0<\/li>\n<\/ul>\n\n\n\n<p class=\"has-text-align-right\">.<\/p>\n\n\n\n<p class=\"has-neve-link-hover-color-color has-text-color\">Elementos do j\u00fari da categoria <strong>1.\u00ba CICLO DO ENSINO B\u00c1SICO<\/strong>:<\/p>\n\n\n\n<ul class=\"wp-block-list\">\n<li>Alexandra Gomes (Presidente do J\u00fari), Universidade do Minho<\/li>\n\n\n\n<li>Dores Pic\u00e3o Ferreira, Agrupamento de Escolas de Real<\/li>\n\n\n\n<li>Helena Jesus Ferreira Martins, Agrupamento de Escolas de Real\u00a0<\/li>\n<\/ul>\n\n\n\n<p class=\"has-text-align-right\">.<\/p>\n\n\n\n<p class=\"has-neve-link-hover-color-color has-text-color\">Elementos do j\u00fari da categoria <strong>2.\u00ba\/3.\u00ba CICLO DO ENSINO B\u00c1SICO<\/strong>:<\/p>\n\n\n\n<ul class=\"wp-block-list\">\n<li>Elvira Lazaro Santos (Presidente do J\u00fari), Agrupamento de Escolas de \u00c1lvaro Velho<\/li>\n\n\n\n<li>Anabela Moreira Gaio, Agrupamento de Escolas de Camarate D. Nuno \u00c1lvares Pereira<\/li>\n\n\n\n<li>Ana Isabel Silvestre, Agrupamento de Escolas dos Casquilhos, Barreiro\u00a0<\/li>\n<\/ul>\n\n\n\n<p class=\"has-text-align-right\">.<\/p>\n\n\n\n<p class=\"has-neve-link-hover-color-color has-text-color\">Elementos do j\u00fari da categoria <strong>ENSINO SECUND\u00c1RIO<\/strong>:<\/p>\n\n\n\n<ul class=\"wp-block-list\">\n<li>Jos\u00e9 Paulo Viana (Presidente do J\u00fari), Embaixador projeto APM-DIM 2023<\/li>\n\n\n\n<li>Adelina Precatado, Escola Secund\u00e1ria de Cam\u00f5es<\/li>\n\n\n\n<li>Teresa Moreira, Escola Secund\u00e1ria de Cam\u00f5es\u00a0<\/li>\n<\/ul>\n\n\n\n<p class=\"has-text-align-right\">.<\/p>\n\n\n\n<p class=\"has-text-align-right\">.<\/p>\n\n\n\n<p class=\"has-neve-link-color-color has-text-color has-medium-font-size\"><strong>J\u00daRIS REGIONAIS<\/strong><\/p>\n\n\n\n<p>Assim, foram constitu\u00eddos <strong>j\u00faris regionais por categoria <\/strong>cumprindo, dentro do poss\u00edvel e tendo em aten\u00e7\u00e3o a realidade em cada regi\u00e3o, as seguintes premissas:<\/p>\n\n\n\n<p><strong>1. <\/strong>Em cada regi\u00e3o, ser\u00e1 constitu\u00eddo um <strong>j\u00fari por cada categoria<\/strong>, isto \u00e9, um&nbsp;j\u00fari&nbsp;para o pr\u00e9-escolar, um j\u00fari&nbsp;para o 1\u00ba ciclo, um j\u00fari para o 2\u00ba e 3\u00ba ciclos, e outro&nbsp;j\u00fari&nbsp;para o ensino secund\u00e1rio.<\/p>\n\n\n\n<p><strong>2.<\/strong> Os j\u00faris constitu\u00eddos numa dada regi\u00e3o, isto \u00e9, por elementos dessa regi\u00e3o, classifica\/avalia os trabalhos de outra regi\u00e3o.<\/p>\n\n\n\n<p><strong>3. <\/strong>O&nbsp;j\u00fari&nbsp;de cada categoria classifica\/avalia, separadamente, as candidaturas das duas modalidades (anal\u00f3gica e digital).<\/p>\n\n\n\n<p><strong>4.<\/strong> Os&nbsp;j\u00faris&nbsp;de cada categoria ser\u00e3o composto por 3 elementos, sendo um deles identificado como o presidente do&nbsp;j\u00fari.<\/p>\n\n\n\n<p><strong>5.<\/strong> Poder\u00e3o existir elementos comuns a mais do que um dos&nbsp;j\u00faris numa mesma regi\u00e3o, devendo-se evitar que tal aconte\u00e7a.<\/p>\n\n\n\n<p><strong>6.<\/strong> Pelo menos um dos elementos dos&nbsp;j\u00faris, preferencialmente o seu presidente, dever\u00e1 ser professor de matem\u00e1tica do ciclo correspondente \u00e0 categoria que classifica\/avalia. No caso da educa\u00e7\u00e3o pr\u00e9-escolar e do 1.\u00ba ciclo do ensino b\u00e1sico, considera-se o educador e o professor titular de turma, respetivamente.<\/p>\n\n\n\n<p><strong>7.<\/strong> Pelo menos um dos elementos do&nbsp;j\u00fari&nbsp;n\u00e3o dever\u00e1 ser educador\/professor, podendo ser um encarregado de educa\u00e7\u00e3o ou representante de institui\u00e7\u00f5es (cultura, desporto, social, &#8230;).<\/p>\n\n\n\n<p><\/p>\n","protected":false},"excerpt":{"rendered":"<p>J\u00daRIS DOS CONCURSOS Haver\u00e3o dois tipos de j\u00faris para o CONCURSO PARA ALUNOS, os j\u00faris regionais e o j\u00fari nacional. Para o CONCURSO PARA ESCOLAS haver\u00e1 apenas um j\u00fari nacional. J\u00daRIS NACIONAIS CONCURSO PARA ESCOLAS &#8211; &#8220;MATEM\u00c1TICA PARA TODOS!&#8221; Elementos do j\u00fari: . CONCURSO PARA ALUNOS &#8211; &#8220;O QUE \u00c9 A MATEM\u00c1TICA?&#8221; Elementos do j\u00fari&hellip;&nbsp;<a href=\"https:\/\/dim314.apm.pt\/?page_id=186\" rel=\"bookmark\">Ler mais &raquo;<span class=\"screen-reader-text\">J\u00daRIS<\/span><\/a><\/p>\n","protected":false},"author":2,"featured_media":0,"parent":0,"menu_order":0,"comment_status":"closed","ping_status":"closed","template":"","meta":{"_eb_attr":"","om_disable_all_campaigns":false,"_monsterinsights_skip_tracking":false,"_monsterinsights_sitenote_active":false,"_monsterinsights_sitenote_note":"","_monsterinsights_sitenote_category":0,"neve_meta_sidebar":"","neve_meta_container":"","neve_meta_enable_content_width":"","neve_meta_content_width":0,"neve_meta_title_alignment":"","neve_meta_author_avatar":"","neve_post_elements_order":"","neve_meta_disable_header":"","neve_meta_disable_footer":"","neve_meta_disable_title":"","footnotes":""},"class_list":["post-186","page","type-page","status-publish","hentry"],"aioseo_notices":[],"_links":{"self":[{"href":"https:\/\/dim314.apm.pt\/index.php?rest_route=\/wp\/v2\/pages\/186","targetHints":{"allow":["GET"]}}],"collection":[{"href":"https:\/\/dim314.apm.pt\/index.php?rest_route=\/wp\/v2\/pages"}],"about":[{"href":"https:\/\/dim314.apm.pt\/index.php?rest_route=\/wp\/v2\/types\/page"}],"author":[{"embeddable":true,"href":"https:\/\/dim314.apm.pt\/index.php?rest_route=\/wp\/v2\/users\/2"}],"replies":[{"embeddable":true,"href":"https:\/\/dim314.apm.pt\/index.php?rest_route=%2Fwp%2Fv2%2Fcomments&post=186"}],"version-history":[{"count":6,"href":"https:\/\/dim314.apm.pt\/index.php?rest_route=\/wp\/v2\/pages\/186\/revisions"}],"predecessor-version":[{"id":1174,"href":"https:\/\/dim314.apm.pt\/index.php?rest_route=\/wp\/v2\/pages\/186\/revisions\/1174"}],"wp:attachment":[{"href":"https:\/\/dim314.apm.pt\/index.php?rest_route=%2Fwp%2Fv2%2Fmedia&parent=186"}],"curies":[{"name":"wp","href":"https:\/\/api.w.org\/{rel}","templated":true}]}}