{"id":1237,"date":"2023-09-21T10:49:25","date_gmt":"2023-09-21T09:49:25","guid":{"rendered":"https:\/\/dim314.apm.pt\/?page_id=1237"},"modified":"2026-02-24T20:02:16","modified_gmt":"2026-02-24T20:02:16","slug":"dim","status":"publish","type":"page","link":"https:\/\/dim314.apm.pt\/","title":{"rendered":"DIM 2026 &#8211; Principal"},"content":{"rendered":"<div class=\"wp-block-image\">\n<figure class=\"aligncenter size-large\"><img loading=\"lazy\" decoding=\"async\" width=\"1024\" height=\"317\" src=\"https:\/\/dim314.apm.pt\/wp-content\/uploads\/2023\/09\/DIM_APM_01-1-1024x317.png\" alt=\"\" class=\"wp-image-1246\" srcset=\"https:\/\/dim314.apm.pt\/wp-content\/uploads\/2023\/09\/DIM_APM_01-1-1024x317.png 1024w, https:\/\/dim314.apm.pt\/wp-content\/uploads\/2023\/09\/DIM_APM_01-1-300x93.png 300w, https:\/\/dim314.apm.pt\/wp-content\/uploads\/2023\/09\/DIM_APM_01-1-768x237.png 768w, https:\/\/dim314.apm.pt\/wp-content\/uploads\/2023\/09\/DIM_APM_01-1-1536x475.png 1536w, https:\/\/dim314.apm.pt\/wp-content\/uploads\/2023\/09\/DIM_APM_01-1-2048x633.png 2048w\" sizes=\"auto, (max-width: 1024px) 100vw, 1024px\" \/><\/figure>\n<\/div>\n\n\n<p><\/p>\n\n\n<h1 style=\"text-align: center;\"><span style=\"color: #003366;\">&#8220;Matem\u00e1tica e Esperan\u00e7a&#8221;<\/span><\/h1>\n<p style=\"text-align: center;\"><strong><span style=\"color: #333333;\">O Dia Internacional da Matem\u00e1tica (DIM) \u00e9 celebrado no dia 14 de mar\u00e7o em todo o mundo. Em Portugal, a Associa\u00e7\u00e3o de Professores de Matem\u00e1tica (APM) comemora esta data promovendo um conjunto de atividades para as escolas.<\/span><\/strong><\/p>\n\n\n<hr class=\"wp-block-separator has-css-opacity is-style-wide\"\/>\n\n\n<p style=\"text-align: justify;\">Todos os anos, \u00e9 anunciado um tema para\u00a0<em>dar sabor<\/em>\u00a0\u00e0 celebra\u00e7\u00e3o, despertar a criatividade e trazer luz \u00e0s conex\u00f5es entre a matem\u00e1tica e todos os tipos de campos, conceitos e ideias. O tema do<strong>\u00a0DIM 2026, \u201cMatem\u00e1tica e Esperan\u00e7a\u201d,\u00a0<\/strong>pretende celebrar a matem\u00e1tica como uma linguagem universal que inspira compreens\u00e3o, otimismo e coopera\u00e7\u00e3o.<strong>\u00a0<\/strong>A conex\u00e3o entre\u00a0<strong>esperan\u00e7a e matem\u00e1tica<\/strong>\u00a0cria oportunidades para uma compreens\u00e3o e um conhecimento mais profundos. A matem\u00e1tica d\u00e1-nos a esperan\u00e7a de entender a realidade e a verdade com clareza, compartilhar defini\u00e7\u00f5es comuns, aprender a cooperar, usar dados de forma respons\u00e1vel, encontrar estrat\u00e9gias vantajosas para todos e muito mais.<\/p>\n\n\n<div class=\"wp-block-columns is-layout-flex wp-container-core-columns-is-layout-9d6595d7 wp-block-columns-is-layout-flex\">\n<div class=\"wp-block-column is-layout-flow wp-block-column-is-layout-flow\">\n<h3 style=\"text-align: center;\"><span style=\"color: #003366;\"><strong>CONFER\u00caNCIAS<\/strong><\/span><\/h3>\n\n\n<div class=\"wp-block-image is-style-rounded\">\n<figure class=\"aligncenter size-full is-resized\"><a href=\"https:\/\/dim314.apm.pt\/?page_id=2900\"><img loading=\"lazy\" decoding=\"async\" width=\"240\" height=\"240\" src=\"https:\/\/dim314.apm.pt\/wp-content\/uploads\/2023\/12\/Conferencias_logo4.jpg\" alt=\"\" class=\"wp-image-1985\" style=\"width:333px\" srcset=\"https:\/\/dim314.apm.pt\/wp-content\/uploads\/2023\/12\/Conferencias_logo4.jpg 240w, https:\/\/dim314.apm.pt\/wp-content\/uploads\/2023\/12\/Conferencias_logo4-150x150.jpg 150w\" sizes=\"auto, (max-width: 240px) 100vw, 240px\" \/><\/a><\/figure>\n<\/div>\n\n\n<p><\/p>\n\n\n\n<p>Assista a <strong>duas confer\u00eancias<\/strong> organizadas pela APM, em Aveiro e no Funchal, <strong>transmitidas <em>online<\/em><\/strong> no dia 13 de mar\u00e7o.<\/p>\n<\/div>\n\n\n\n<div class=\"wp-block-column is-layout-flow wp-block-column-is-layout-flow\">\n<h3 style=\"text-align: center;\"><span style=\"color: #003366;\"><strong>CONCURSO<\/strong><\/span><\/h3>\n\n\n<div class=\"wp-block-image is-style-rounded\">\n<figure class=\"aligncenter size-full is-resized\"><a href=\"https:\/\/dim314.apm.pt\/?page_id=2760\"><img loading=\"lazy\" decoding=\"async\" width=\"1024\" height=\"1536\" src=\"https:\/\/dim314.apm.pt\/wp-content\/uploads\/2026\/02\/Super-Heroi-2.png\" alt=\"\" class=\"wp-image-2878\" style=\"aspect-ratio:1;object-fit:cover;width:333px\" srcset=\"https:\/\/dim314.apm.pt\/wp-content\/uploads\/2026\/02\/Super-Heroi-2.png 1024w, https:\/\/dim314.apm.pt\/wp-content\/uploads\/2026\/02\/Super-Heroi-2-200x300.png 200w, https:\/\/dim314.apm.pt\/wp-content\/uploads\/2026\/02\/Super-Heroi-2-683x1024.png 683w, https:\/\/dim314.apm.pt\/wp-content\/uploads\/2026\/02\/Super-Heroi-2-768x1152.png 768w\" sizes=\"auto, (max-width: 1024px) 100vw, 1024px\" \/><\/a><\/figure>\n<\/div>\n\n\n<p><\/p>\n\n\n\n<p>Participe neste concurso nacional promovido pela APM, criando o cartaz de um filme, de uma s\u00e9rie ou de um desenho animado.<\/p>\n<\/div>\n<\/div>\n\n\n\n<hr class=\"wp-block-separator has-css-opacity is-style-wide\"\/>\n\n\n\n<ul class=\"wp-block-social-links aligncenter has-icon-color has-icon-background-color is-style-default is-content-justification-center is-layout-flex wp-container-core-social-links-is-layout-16018d1d wp-block-social-links-is-layout-flex\"><li style=\"color:#ffffff;background-color:var(--nv-primary-accent);\" class=\"wp-social-link wp-social-link-facebook has-neve-link-color-background-color wp-block-social-link\"><a rel=\"noopener nofollow\" target=\"_blank\" href=\"https:\/\/www.facebook.com\/apmatematica\" class=\"wp-block-social-link-anchor\"><svg width=\"24\" height=\"24\" viewBox=\"0 0 24 24\" version=\"1.1\" xmlns=\"http:\/\/www.w3.org\/2000\/svg\" aria-hidden=\"true\" focusable=\"false\"><path d=\"M12 2C6.5 2 2 6.5 2 12c0 5 3.7 9.1 8.4 9.9v-7H7.9V12h2.5V9.8c0-2.5 1.5-3.9 3.8-3.9 1.1 0 2.2.2 2.2.2v2.5h-1.3c-1.2 0-1.6.8-1.6 1.6V12h2.8l-.4 2.9h-2.3v7C18.3 21.1 22 17 22 12c0-5.5-4.5-10-10-10z\"><\/path><\/svg><span class=\"wp-block-social-link-label screen-reader-text\">Facebook<\/span><\/a><\/li>\n\n<li style=\"color:#ffffff;background-color:var(--nv-primary-accent);\" class=\"wp-social-link wp-social-link-instagram has-neve-link-color-background-color wp-block-social-link\"><a rel=\"noopener nofollow\" target=\"_blank\" href=\"https:\/\/www.instagram.com\/apmatematica_\/\" class=\"wp-block-social-link-anchor\"><svg width=\"24\" height=\"24\" viewBox=\"0 0 24 24\" version=\"1.1\" xmlns=\"http:\/\/www.w3.org\/2000\/svg\" aria-hidden=\"true\" focusable=\"false\"><path d=\"M12,4.622c2.403,0,2.688,0.009,3.637,0.052c0.877,0.04,1.354,0.187,1.671,0.31c0.42,0.163,0.72,0.358,1.035,0.673 c0.315,0.315,0.51,0.615,0.673,1.035c0.123,0.317,0.27,0.794,0.31,1.671c0.043,0.949,0.052,1.234,0.052,3.637 s-0.009,2.688-0.052,3.637c-0.04,0.877-0.187,1.354-0.31,1.671c-0.163,0.42-0.358,0.72-0.673,1.035 c-0.315,0.315-0.615,0.51-1.035,0.673c-0.317,0.123-0.794,0.27-1.671,0.31c-0.949,0.043-1.233,0.052-3.637,0.052 s-2.688-0.009-3.637-0.052c-0.877-0.04-1.354-0.187-1.671-0.31c-0.42-0.163-0.72-0.358-1.035-0.673 c-0.315-0.315-0.51-0.615-0.673-1.035c-0.123-0.317-0.27-0.794-0.31-1.671C4.631,14.688,4.622,14.403,4.622,12 s0.009-2.688,0.052-3.637c0.04-0.877,0.187-1.354,0.31-1.671c0.163-0.42,0.358-0.72,0.673-1.035 c0.315-0.315,0.615-0.51,1.035-0.673c0.317-0.123,0.794-0.27,1.671-0.31C9.312,4.631,9.597,4.622,12,4.622 M12,3 C9.556,3,9.249,3.01,8.289,3.054C7.331,3.098,6.677,3.25,6.105,3.472C5.513,3.702,5.011,4.01,4.511,4.511 c-0.5,0.5-0.808,1.002-1.038,1.594C3.25,6.677,3.098,7.331,3.054,8.289C3.01,9.249,3,9.556,3,12c0,2.444,0.01,2.751,0.054,3.711 c0.044,0.958,0.196,1.612,0.418,2.185c0.23,0.592,0.538,1.094,1.038,1.594c0.5,0.5,1.002,0.808,1.594,1.038 c0.572,0.222,1.227,0.375,2.185,0.418C9.249,20.99,9.556,21,12,21s2.751-0.01,3.711-0.054c0.958-0.044,1.612-0.196,2.185-0.418 c0.592-0.23,1.094-0.538,1.594-1.038c0.5-0.5,0.808-1.002,1.038-1.594c0.222-0.572,0.375-1.227,0.418-2.185 C20.99,14.751,21,14.444,21,12s-0.01-2.751-0.054-3.711c-0.044-0.958-0.196-1.612-0.418-2.185c-0.23-0.592-0.538-1.094-1.038-1.594 c-0.5-0.5-1.002-0.808-1.594-1.038c-0.572-0.222-1.227-0.375-2.185-0.418C14.751,3.01,14.444,3,12,3L12,3z M12,7.378 c-2.552,0-4.622,2.069-4.622,4.622S9.448,16.622,12,16.622s4.622-2.069,4.622-4.622S14.552,7.378,12,7.378z M12,15 c-1.657,0-3-1.343-3-3s1.343-3,3-3s3,1.343,3,3S13.657,15,12,15z M16.804,6.116c-0.596,0-1.08,0.484-1.08,1.08 s0.484,1.08,1.08,1.08c0.596,0,1.08-0.484,1.08-1.08S17.401,6.116,16.804,6.116z\"><\/path><\/svg><span class=\"wp-block-social-link-label screen-reader-text\">Instagram<\/span><\/a><\/li>\n\n<li style=\"color:#ffffff;background-color:var(--nv-primary-accent);\" class=\"wp-social-link wp-social-link-youtube has-neve-link-color-background-color wp-block-social-link\"><a rel=\"noopener nofollow\" target=\"_blank\" href=\"https:\/\/www.youtube.com\/@APM.youtube\" class=\"wp-block-social-link-anchor\"><svg width=\"24\" height=\"24\" viewBox=\"0 0 24 24\" version=\"1.1\" xmlns=\"http:\/\/www.w3.org\/2000\/svg\" aria-hidden=\"true\" focusable=\"false\"><path d=\"M21.8,8.001c0,0-0.195-1.378-0.795-1.985c-0.76-0.797-1.613-0.801-2.004-0.847c-2.799-0.202-6.997-0.202-6.997-0.202 h-0.009c0,0-4.198,0-6.997,0.202C4.608,5.216,3.756,5.22,2.995,6.016C2.395,6.623,2.2,8.001,2.2,8.001S2,9.62,2,11.238v1.517 c0,1.618,0.2,3.237,0.2,3.237s0.195,1.378,0.795,1.985c0.761,0.797,1.76,0.771,2.205,0.855c1.6,0.153,6.8,0.201,6.8,0.201 s4.203-0.006,7.001-0.209c0.391-0.047,1.243-0.051,2.004-0.847c0.6-0.607,0.795-1.985,0.795-1.985s0.2-1.618,0.2-3.237v-1.517 C22,9.62,21.8,8.001,21.8,8.001z M9.935,14.594l-0.001-5.62l5.404,2.82L9.935,14.594z\"><\/path><\/svg><span class=\"wp-block-social-link-label screen-reader-text\">YouTube<\/span><\/a><\/li>\n\n<li style=\"color:#ffffff;background-color:var(--nv-primary-accent);\" class=\"wp-social-link wp-social-link-mail has-neve-link-color-background-color wp-block-social-link\"><a rel=\"noopener nofollow\" target=\"_blank\" href=\"mailto:di&#109;3&#049;&#052;&#064;&#097;p&#109;&#046;p&#116;\" class=\"wp-block-social-link-anchor\"><svg width=\"24\" height=\"24\" viewBox=\"0 0 24 24\" version=\"1.1\" xmlns=\"http:\/\/www.w3.org\/2000\/svg\" aria-hidden=\"true\" focusable=\"false\"><path d=\"M19,5H5c-1.1,0-2,.9-2,2v10c0,1.1.9,2,2,2h14c1.1,0,2-.9,2-2V7c0-1.1-.9-2-2-2zm.5,12c0,.3-.2.5-.5.5H5c-.3,0-.5-.2-.5-.5V9.8l7.5,5.6,7.5-5.6V17zm0-9.1L12,13.6,4.5,7.9V7c0-.3.2-.5.5-.5h14c.3,0,.5.2.5.5v.9z\"><\/path><\/svg><span class=\"wp-block-social-link-label screen-reader-text\">Mail<\/span><\/a><\/li><\/ul>\n","protected":false},"excerpt":{"rendered":"<p>&#8220;Matem\u00e1tica e Esperan\u00e7a&#8221; O Dia Internacional da Matem\u00e1tica (DIM) \u00e9 celebrado no dia 14 de mar\u00e7o em todo o mundo. Em Portugal, a Associa\u00e7\u00e3o de Professores de Matem\u00e1tica (APM) comemora esta data promovendo um conjunto de atividades para as escolas. Todos os anos, \u00e9 anunciado um tema para\u00a0dar sabor\u00a0\u00e0 celebra\u00e7\u00e3o, despertar a criatividade e trazer&hellip;&nbsp;<a href=\"https:\/\/dim314.apm.pt\/\" rel=\"bookmark\">Ler mais &raquo;<span class=\"screen-reader-text\">DIM 2026 &#8211; Principal<\/span><\/a><\/p>\n","protected":false},"author":5,"featured_media":0,"parent":0,"menu_order":0,"comment_status":"closed","ping_status":"closed","template":"","meta":{"_eb_attr":"","om_disable_all_campaigns":false,"_monsterinsights_skip_tracking":false,"_monsterinsights_sitenote_active":false,"_monsterinsights_sitenote_note":"","_monsterinsights_sitenote_category":0,"neve_meta_sidebar":"","neve_meta_container":"","neve_meta_enable_content_width":"","neve_meta_content_width":0,"neve_meta_title_alignment":"","neve_meta_author_avatar":"","neve_post_elements_order":"","neve_meta_disable_header":"","neve_meta_disable_footer":"","neve_meta_disable_title":"","footnotes":""},"class_list":["post-1237","page","type-page","status-publish","hentry"],"aioseo_notices":[],"_links":{"self":[{"href":"https:\/\/dim314.apm.pt\/index.php?rest_route=\/wp\/v2\/pages\/1237","targetHints":{"allow":["GET"]}}],"collection":[{"href":"https:\/\/dim314.apm.pt\/index.php?rest_route=\/wp\/v2\/pages"}],"about":[{"href":"https:\/\/dim314.apm.pt\/index.php?rest_route=\/wp\/v2\/types\/page"}],"author":[{"embeddable":true,"href":"https:\/\/dim314.apm.pt\/index.php?rest_route=\/wp\/v2\/users\/5"}],"replies":[{"embeddable":true,"href":"https:\/\/dim314.apm.pt\/index.php?rest_route=%2Fwp%2Fv2%2Fcomments&post=1237"}],"version-history":[{"count":152,"href":"https:\/\/dim314.apm.pt\/index.php?rest_route=\/wp\/v2\/pages\/1237\/revisions"}],"predecessor-version":[{"id":2903,"href":"https:\/\/dim314.apm.pt\/index.php?rest_route=\/wp\/v2\/pages\/1237\/revisions\/2903"}],"wp:attachment":[{"href":"https:\/\/dim314.apm.pt\/index.php?rest_route=%2Fwp%2Fv2%2Fmedia&parent=1237"}],"curies":[{"name":"wp","href":"https:\/\/api.w.org\/{rel}","templated":true}]}}